{"id":6050,"date":"2017-08-14T09:10:20","date_gmt":"2017-08-14T07:10:20","guid":{"rendered":"https:\/\/www.golfclubpetersberg.it\/?page_id=6050"},"modified":"2023-05-24T16:21:17","modified_gmt":"2023-05-24T14:21:17","slug":"star-tour","status":"publish","type":"page","link":"https:\/\/golfclubpetersberg.it\/en\/star-tour\/","title":{"rendered":"Star Tour"},"content":{"rendered":"[vc_row type=&#8221;full_width_content&#8221; full_screen_row_position=&#8221;middle&#8221; column_margin=&#8221;default&#8221; column_direction=&#8221;default&#8221; column_direction_tablet=&#8221;default&#8221; column_direction_phone=&#8221;default&#8221; bg_color=&#8221;#ffffff&#8221; scene_position=&#8221;center&#8221; top_padding=&#8221;7%&#8221; bottom_padding=&#8221;7%&#8221; text_color=&#8221;dark&#8221; text_align=&#8221;left&#8221; row_border_radius=&#8221;none&#8221; row_border_radius_applies=&#8221;bg&#8221; overflow=&#8221;visible&#8221; overlay_strength=&#8221;0.3&#8243; gradient_direction=&#8221;left_to_right&#8221; shape_divider_position=&#8221;bottom&#8221; bg_image_animation=&#8221;none&#8221;][vc_column column_padding=&#8221;no-extra-padding&#8221; column_padding_tablet=&#8221;inherit&#8221; column_padding_phone=&#8221;inherit&#8221; column_padding_position=&#8221;all&#8221; column_element_direction_desktop=&#8221;default&#8221; column_element_spacing=&#8221;default&#8221; desktop_text_alignment=&#8221;default&#8221; tablet_text_alignment=&#8221;default&#8221; phone_text_alignment=&#8221;default&#8221; background_color_opacity=&#8221;1&#8243; background_hover_color_opacity=&#8221;1&#8243; column_backdrop_filter=&#8221;none&#8221; column_shadow=&#8221;none&#8221; column_border_radius=&#8221;none&#8221; column_link_target=&#8221;_self&#8221; column_position=&#8221;default&#8221; gradient_direction=&#8221;left_to_right&#8221; overlay_strength=&#8221;0.3&#8243; width=&#8221;1\/1&#8243; tablet_width_inherit=&#8221;default&#8221; animation_type=&#8221;default&#8221; bg_image_animation=&#8221;none&#8221; border_type=&#8221;simple&#8221; column_border_width=&#8221;none&#8221; column_border_style=&#8221;solid&#8221; offset=&#8221;vc_hidden-sm vc_hidden-xs&#8221;][vc_row_inner column_margin=&#8221;default&#8221; column_direction=&#8221;default&#8221; column_direction_tablet=&#8221;default&#8221; column_direction_phone=&#8221;default&#8221; text_align=&#8221;left&#8221; row_position=&#8221;default&#8221; row_position_tablet=&#8221;inherit&#8221; row_position_phone=&#8221;inherit&#8221; overflow=&#8221;visible&#8221; pointer_events=&#8221;all&#8221;][vc_column_inner column_padding=&#8221;no-extra-padding&#8221; column_padding_tablet=&#8221;inherit&#8221; column_padding_phone=&#8221;inherit&#8221; column_padding_position=&#8221;all&#8221; column_element_direction_desktop=&#8221;default&#8221; column_element_spacing=&#8221;default&#8221; desktop_text_alignment=&#8221;default&#8221; tablet_text_alignment=&#8221;default&#8221; phone_text_alignment=&#8221;default&#8221; background_color_opacity=&#8221;1&#8243; background_hover_color_opacity=&#8221;1&#8243; column_backdrop_filter=&#8221;none&#8221; column_shadow=&#8221;none&#8221; column_border_radius=&#8221;none&#8221; column_link_target=&#8221;_self&#8221; overflow=&#8221;visible&#8221; gradient_direction=&#8221;left_to_right&#8221; overlay_strength=&#8221;0.3&#8243; width=&#8221;1\/6&#8243; tablet_width_inherit=&#8221;default&#8221; animation_type=&#8221;default&#8221; bg_image_animation=&#8221;none&#8221; border_type=&#8221;simple&#8221; column_border_width=&#8221;none&#8221; column_border_style=&#8221;solid&#8221;][\/vc_column_inner][vc_column_inner column_padding=&#8221;no-extra-padding&#8221; column_padding_tablet=&#8221;inherit&#8221; column_padding_phone=&#8221;inherit&#8221; column_padding_position=&#8221;all&#8221; column_element_direction_desktop=&#8221;default&#8221; column_element_spacing=&#8221;default&#8221; desktop_text_alignment=&#8221;default&#8221; tablet_text_alignment=&#8221;default&#8221; phone_text_alignment=&#8221;default&#8221; background_color_opacity=&#8221;1&#8243; background_hover_color_opacity=&#8221;1&#8243; column_backdrop_filter=&#8221;none&#8221; column_shadow=&#8221;none&#8221; column_border_radius=&#8221;none&#8221; column_link_target=&#8221;_self&#8221; overflow=&#8221;visible&#8221; gradient_direction=&#8221;left_to_right&#8221; overlay_strength=&#8221;0.3&#8243; width=&#8221;2\/3&#8243; tablet_width_inherit=&#8221;default&#8221; animation_type=&#8221;default&#8221; bg_image_animation=&#8221;none&#8221; border_type=&#8221;simple&#8221; column_border_width=&#8221;none&#8221; column_border_style=&#8221;solid&#8221;][vc_column_text el_class=&#8221;piccole&#8221;]\n<h2>Star Tour 2019<\/h2>\n<p><strong>DIE PARTNER DER 19. STAR TOUR:<br \/>\n<\/strong><\/p>\n<p><a href=\"https:\/\/www.lcc-mundus.com\/\" target=\"_blank\" rel=\"noopener noreferrer\"><img loading=\"lazy\" decoding=\"async\" src=\"https:\/\/golfclubpetersberg.it\/images\/risultati-gare\/Gare-2015\/Mundus.jpg\" alt=\"Mundus\" width=\"250\" height=\"150\" title=\"\"><\/a> \u00a0 \u00a0 \u00a0 \u00a0 \u00a0 \u00a0 \u00a0 \u00a0 \u00a0 \u00a0 \u00a0 \u00a0 \u00a0 \u00a0 \u00a0 \u00a0 \u00a0 \u00a0 \u00a0 <a href=\"https:\/\/www.winkler.bz.it\/\" target=\"_blank\" rel=\"noopener noreferrer\"><img loading=\"lazy\" decoding=\"async\" src=\"https:\/\/golfclubpetersberg.it\/images\/risultati-gare\/Gare-2015\/Logo-Winkler.jpg\" alt=\"Logo-Winkler\" width=\"250\" height=\"103\" title=\"\"><\/a><\/p>\n<p><a href=\"https:\/\/www.zelgeralbert.com\/\" target=\"_blank\" rel=\"noopener noreferrer\"><img loading=\"lazy\" decoding=\"async\" src=\"https:\/\/golfclubpetersberg.it\/images\/risultati-gare\/Gare-2016\/ZA-Logo%201.jpg\" alt=\"ZA-Logo 1\" width=\"310\" height=\"85\" title=\"\"><\/a> \u00a0 \u00a0 \u00a0 \u00a0 \u00a0 \u00a0 \u00a0 \u00a0 \u00a0 \u00a0 \u00a0 \u00a0 <a href=\"https:\/\/www.hotelcristal.com\/\" target=\"_blank\" rel=\"noopener noreferrer\"><img loading=\"lazy\" decoding=\"async\" src=\"https:\/\/golfclubpetersberg.it\/images\/risultati-gare\/Gare-2016\/CRISTAL_logo_4C.jpg\" alt=\"CRISTAL logo_4C\" width=\"250\" height=\"68\" title=\"\"><\/a><\/p>\n<p>&nbsp;<\/p>\n<p><a href=\"https:\/\/www.engelvoelkers.com\/de\/search\/?remember=true&amp;q=BOZEN&amp;businessArea=residential&amp;facets=bsnssr%3Aresidential%3Btyp%3Abuy\" target=\"_blank\" rel=\"noopener noreferrer\"><img loading=\"lazy\" decoding=\"async\" class=\"alignnone\" src=\"https:\/\/golfclubpetersberg.it\/images\/M_images\/Logos-Sponsoren\/Engel-Voelkers_Logo_JPG.jpg\" alt=\"Engel-Voelkers Logo_JPG\" width=\"250\" height=\"67\" title=\"\"><\/a> \u00a0 \u00a0 \u00a0 \u00a0 \u00a0 \u00a0 \u00a0 \u00a0 \u00a0 \u00a0 \u00a0 \u00a0 \u00a0 \u00a0 \u00a0 \u00a0 \u00a0 \u00a0 \u00a0 \u00a0 <a href=\"https:\/\/pichler.pro\/\" target=\"_blank\" rel=\"noopener noreferrer\"><img loading=\"lazy\" decoding=\"async\" class=\"alignnone wp-image-11532\" src=\"https:\/\/golfclubpetersberg.it\/wp-content\/uploads\/2019\/04\/Pichler-Logo-neu-2019-low-res.jpg\" alt=\"\" width=\"247\" height=\"84\" title=\"\" srcset=\"https:\/\/golfclubpetersberg.it\/wp-content\/uploads\/2019\/04\/Pichler-Logo-neu-2019-low-res.jpg 1910w, https:\/\/golfclubpetersberg.it\/wp-content\/uploads\/2019\/04\/Pichler-Logo-neu-2019-low-res-300x102.jpg 300w, https:\/\/golfclubpetersberg.it\/wp-content\/uploads\/2019\/04\/Pichler-Logo-neu-2019-low-res-768x261.jpg 768w, https:\/\/golfclubpetersberg.it\/wp-content\/uploads\/2019\/04\/Pichler-Logo-neu-2019-low-res-1024x347.jpg 1024w\" sizes=\"auto, (max-width: 247px) 100vw, 247px\" \/><\/a><\/p>\n<p>Star Tour ist eine Turnierreihe von 4 Turnieren. Jedes Turnier wird einzeln gewertet mit anschlie\u00dfender Preisverteilung und einem Abendessen f\u00fcr alle Teilnehmer nach der Preisverteilung.<br \/>\nBei Turnieren mit Kanonenstart werden die Preise nur an jene Sieger \u00fcbergeben, die pers\u00f6nlich bei der Preisverteilung anwesend sind. Auch bei den Verlosungen k\u00f6nnen nur jene Spieler teilnehmen, die pers\u00f6nlich anwesend sind.<\/p>\n<p>Wer bei mindestens 3 Turnieren dieser Turnierreihe spielt, nimmt auch an der Kombinationswertung \u201e3 Ergebnisse von 4\u201c und an der Verlosung von sch\u00f6nen Reisepaketen teil.<br \/>\nBei der Kombinationswertung 3 von 4 z\u00e4hlen die Resultate der Doppel-Turniere als Einzelresultat, wobei 3\/4 der Punkte\/Schl\u00e4ge angerechnet werden.<br \/>\nDie Preisverteilung der Kombinationswertung findet zusammen mit der Preisverteilung des letzten Turniers statt. Am letzten Turniertag veranstalten die Sponsoren dieser Turnierreihe ein Fest mit Musik, Grillabend und Dessertbuffet im Hotel Cristal in Obereggen.<br \/>\nAlle Teilnehmer der Turniere und alle Mitglieder des Golf Club Petersberg sind herzlich zu dieser Abschlussfeier eingeladen.<br \/>\n<strong>Die Termine sind:<\/strong><\/p>\n<p><strong>Samstag, 11. Mai 2019\u00a0 \u00a0(das Turnier wurde wegen schlechtem Wetter vom 5. Mai auf den 11. Mai verschoben)<\/strong><\/p>\n<p>Stableford-Turnier mit Kanonenstart um 11.00 Uhr und anschlie\u00dfend Er\u00f6ffnungsfeier der Star-Tour bei einem gemeinsamen Abendessen.\u00a0Verlosung von sch\u00f6nen Preisen nach der Preisverteilung<\/p>\n<p>&nbsp;<\/p>\n<p><strong>Sonntag, 19. Mai 2019<\/strong><\/p>\n<p>4-ball-best-ball-Turnier mit Kanonenstart um 11.00 Uhr und einem gemeinsamen Abendessen. Verlosung von sch\u00f6nen Preisen nach der Preisverteilung.<\/p>\n<p>Bei der Preisverteilung wird unter den anwesenden Teilnehmern eine Wochenend-Reise verlost.<\/p>\n<p>&nbsp;<\/p>\n<p><strong>Sonntag, 16. Juni 2019<br \/>\n<\/strong><br \/>\nLouisiana f\u00fcr 2-er Mannschaften mit der gastronomischen Runde auf Platz<br \/>\nDie K\u00fcchenmannschaft des Golf Club Petersberg und jene des Hotel Cristal werden auf den verschiedenen L\u00f6chern gastronomische Spezialit\u00e4ten zubereiten. Am Ende der Runde werden die Spieler ein sch\u00f6nes Men\u00fc gegessen haben und zwischen dem einen und anderen Gang einige L\u00f6cher Golf gespielt haben. Die Turniereinschreibung bei diesem Turnier betr\u00e4gt 30,&#8211; Euro.<\/p>\n<p><strong><br \/>\nSonntag, 30. Juni 2019<br \/>\n<\/strong><br \/>\nStableford-Turnier mit Kanonenstart am Vormittag und Abschlussfeier und Preisverteilung der Gesamtwertung im Hotel Cristal in Obereggen<br \/>\nZur Abschlussfeier der Star Tour sind \u00a0ALLE \u00a0 Mitglieder des Golf Club Petersberg, alle Speiler, die zumindest an einem Star-Tour-Turnier mitgespielt haben und alle G\u00e4ste der Sponsoren herzlich eingeladen.<br \/>\nBeginn: ca. 17:00 Uhr im Hotel Cristal<\/p>\n<div>\n<p>Auf die Gesamtsieger und die Sieger der Verlosungen warten wieder sch\u00f6ne Wochenend-Reisen f\u00fcr jeweils zwei Personen in die sch\u00f6nsten St\u00e4dte Europas.<\/p>\n<\/div>\n<p><strong>Sonderpreise<\/strong><\/p>\n<p><a href=\"https:\/\/www.oberhammer-transporte.com\/\" target=\"_blank\" rel=\"noopener noreferrer\"><img loading=\"lazy\" decoding=\"async\" src=\"https:\/\/golfclubpetersberg.it\/images\/risultati-gare\/Gare-2016\/Oberhammer-logo.jpg\" alt=\"Oberhammer-logo\" width=\"200\" height=\"53\" title=\"\"><\/a>\u00a0\u00a0HEINZ FISCHNALLER PREIS HERREN \u00a0&amp; \u00a0DAMEN<\/p>\n<p>Bei jedem Star-Tour-Turnier werden zwei &#8220;Heinz-Fischnaller-Preise&#8221; vergeben, das sind jeweils ein Damen- und ein Herrenpreis f\u00fcr die Spieler, welche genau in der Mitte der Netto-Wertung liegen.<\/p>\n<p>Die Preise werden wie folgt ermittelt: \u00a0Es wird der Spieler, der genau in der Mitte der Wertung liegt, ermittelt. Z.B. 101 Spieler, dann ist es der 51. (50 vorher und 50 nachher). Bei 100 Spielern w\u00e4ren es der 50. und 51. zusammen. Wenn auf diesen Pl\u00e4tzen eine Dame und ein Herr ist, dann erhalten diese zwei die zwei Preise. Andernfalls erh\u00e4lt der 50. den Preis. Der zweite Preis geht jeweils an den n\u00e4chsten Herrn oder an die n\u00e4chste Dame, die in der Nettowertung VOR dem bereits pr\u00e4mierten Spieler liegt.<\/p>\n<p>&nbsp;<\/p>\n<p><a href=\"https:\/\/www.parth.bz.it\/\" target=\"_blank\" rel=\"noopener noreferrer\"><img loading=\"lazy\" decoding=\"async\" class=\"alignleft\" src=\"https:\/\/golfclubpetersberg.it\/images\/risultati-gare\/Gare-2016\/Logo-Parth.jpg\" alt=\"Logo-Parth\" width=\"120\" height=\"117\" title=\"\"><\/a>\u00a0 \u00a0 \u00a0HOLE &#8211; IN &#8211; ONE, \u00a0Nearest-to-the-pin:<\/p>\n<p>F\u00fcr ein Hole-in-one stellt Familie Part von Juwelier Parth in Bozen eine LONGINES-Uhr zur Verf\u00fcgung.<br \/>\nSollten keine Holes-in-one gespiet werden, so erh\u00e4lt der beste &#8220;Nearest-To-The-Pin&#8221; die Uhr.<br \/>\nDer Gewinner der Uhr muss bei der Abschlussfeier der Star Tour am Samstag, 1. Juli im Hotel Cristal pers\u00f6nlich anwesend sein und die Uhr entgegennehmen.<br \/>\nAndernfalls wird die Uhr unter jenen Teilnehmern (bzw. Teilnehmerinnen) verlost, die bei mindestens 3 Star-Tour-Turnieren mitgespielt haben (NR wird als nicht gespielt betrachtet).<\/p>\n<h3><strong>Star-Tour-Ticket<\/strong><\/h3>\n<p>Spieler, welche nicht MItglied im GC Petersberg sind, k\u00f6nnen auch ein Star-Tour-Ticket erwerben:<br \/>\nF\u00fcr einen Pauschalpreis von 260 Euro k\u00f6nnen die Spieler an allen 4 Turnieren der Star-Tour teilnehmen (Green-Fee und Turniergeb\u00fchr)<\/p>\n<p>&nbsp;<\/p>\n<h3>STAR TOUR 2019<\/h3>\n<p><img loading=\"lazy\" decoding=\"async\" class=\"wp-image-11938 alignnone\" src=\"https:\/\/golfclubpetersberg.it\/wp-content\/uploads\/2019\/05\/Star-Tour-2019-Briefkopf.jpg\" alt=\"\" width=\"695\" height=\"396\" title=\"\" srcset=\"https:\/\/golfclubpetersberg.it\/wp-content\/uploads\/2019\/05\/Star-Tour-2019-Briefkopf.jpg 1359w, https:\/\/golfclubpetersberg.it\/wp-content\/uploads\/2019\/05\/Star-Tour-2019-Briefkopf-300x171.jpg 300w, https:\/\/golfclubpetersberg.it\/wp-content\/uploads\/2019\/05\/Star-Tour-2019-Briefkopf-768x438.jpg 768w, https:\/\/golfclubpetersberg.it\/wp-content\/uploads\/2019\/05\/Star-Tour-2019-Briefkopf-1024x584.jpg 1024w\" sizes=\"auto, (max-width: 695px) 100vw, 695px\" \/><\/p>\n<p>Einladung und Programm Star Tour 2019 (niedere Aufl\u00f6sung)\u00a0\u00a0<a href=\"https:\/\/golfclubpetersberg.it\/wp-content\/uploads\/2019\/07\/Star-Tour-2019-web.pdf\" class=\"mtli_attachment mtli_pdf\">Star-Tour-2019-web<\/a><br \/>\nEinladung und Programm Star Tour 2019 (hohe Aufl\u00f6sung &#8211; gro\u00dfe Datei)\u00a0\u00a0<a href=\"https:\/\/golfclubpetersberg.it\/wp-content\/uploads\/2019\/07\/Star-Tour-2019-druck.pdf\" class=\"mtli_attachment mtli_pdf\">Star-Tour-2019-druck<\/a><\/p>\n<p><img decoding=\"async\" src=\"https:\/\/golfclubpetersberg.it\/%3Cobject%20width=\" height=\"340\" alt=\"\" title=\"\"><a href=\"https:\/\/golfclubpetersberg.it\/wp-content\/uploads\/2019\/07\/STAR-TOUR-2019-ERGEBNISSE-GESAMT-3VON4-NETTO.pdf\" class=\"mtli_attachment mtli_pdf\">STAR-TOUR-2019-ERGEBNISSE-GESAMT-3VON4-NETTO<\/a><\/p>\n<p><a href=\"\/?p=11673\">Ergebnisse und Fotos der ersten Etappe<\/a><\/p>\n<p><a href=\"\/?p=11635\">Ergebnisse und Fotos der zweiten Etappe<\/a><\/p>\n<p><a href=\"\/?p=12100\">Ergebnisse und Fotos der dritten Etappe<\/a><\/p>\n<p><a href=\"\/?p=12110\">Ergebnisse und Fotos der vierten Etappe<\/a><\/p>\n<p>&nbsp;<\/p>\n<hr \/>\n<h3>STAR TOUR 2018<\/h3>\n<p>Einladung und Programm Star Tour 2018 (hohe Aufl\u00f6sung) <a href=\"https:\/\/golfclubpetersberg.it\/wp-content\/uploads\/2018\/04\/Startour-2018.pdf\" class=\"mtli_attachment mtli_pdf\">Startour-2018<\/a><br \/>\nEinladung und Programm Star Tour 2018 (niedere Aufl\u00f6sung)\u00a0\u00a0<a href=\"https:\/\/golfclubpetersberg.it\/wp-content\/uploads\/2018\/04\/Startour-2018-web.pdf\" class=\"mtli_attachment mtli_pdf\">Startour-2018-web<\/a><\/p>\n<p><a href=\"https:\/\/golfclubpetersberg.it\/wp-content\/uploads\/2018\/03\/STAR-TOUR-2018-ERGEBNISSE-GESAMT-3VON4-Endwertung.pdf\" class=\"mtli_attachment mtli_pdf\">STAR-TOUR-2018-ERGEBNISSE-GESAMT-3VON4-Endwertung<\/a><\/p>\n<p><a href=\"\/?p=8380\">Ergebnisse und Fotos der ersten Etappe<\/a><\/p>\n<p><a href=\"\/?p=8363\">Ergebnisse und Fotos der zweiten Etappe<\/a><\/p>\n<p><a href=\"\/?p=8417\">Ergebnisse und Fotos der dritten Etappe<\/a><\/p>\n<p><a href=\"\/?p=8435\">Ergebnisse und Fotos der vierten Etappe<\/a><\/p>\n<p>_______________________________________________________________________________________<\/p>\n<h3>STAR TOUR 2017<\/h3>\n<p><a href=\"https:\/\/golfclubpetersberg.it\/images\/risultati-gare\/Gare-2017\/Star-Tour-2017.pdf\" class=\"mtli_attachment mtli_pdf\" target=\"_blank\" rel=\"noopener noreferrer\"><strong>PDF &#8211; PROGRAMM STAR TOUR 2017<\/strong><\/a><\/p>\n<p><a href=\"\/?p=2021\"><strong>ERGEBNISSE &#8211; FOTOS der ersten Etappe<\/strong><\/a><\/p>\n<p><a href=\"\/?p=2039\">\u00a0ERGEBNISSE &#8211; FOTOS der zweiten Etappe<\/a><\/p>\n<p><a href=\"\/?p=2101\">ERGEBNISSE &#8211; FOTOS der dritten Etappe<\/a><\/p>\n<p><a href=\"https:\/\/golfclubpetersberg.it\/event\/star-tour-4\">FINALE ERGEBNISSE -RISULTATI &#8211; FOTO<\/a><\/p>\n<p>_______________________________________________________________________________________<\/p>\n<h3>STAR TOUR 2016<\/h3>\n<p><a href=\"https:\/\/golfclubpetersberg.it\/images\/risultati-gare\/Gare-2016\/Star-Tour-2016-3-Druck.pdf\" class=\"mtli_attachment mtli_pdf\" target=\"_blank\" rel=\"noopener noreferrer\">\u00a0Programm der Star Tour 2016 \u00a0&#8211; \u00a0Programma della Star Tour 2016<\/a><\/p>\n<p><a href=\"https:\/\/golfclubpetersberg.it\/images\/risultati-gare\/Gare-2016\/STAR-TOUR-2016-ERGEBNISSE.pdf\" class=\"mtli_attachment mtli_pdf\" target=\"_blank\" rel=\"noopener noreferrer\"><strong>\u00a0ENDWERTUNG &#8211; CLASSIFICA FINALE STAR TOUR 2016<\/strong><\/a><\/p>\n<p><a href=\"https:\/\/golfclubpetersberg.it\/2016-star-tour-finale.html\" target=\"_blank\" rel=\"noopener noreferrer\">\u00a0FOTO &#8211; FINALE STAR TOUR 2016<\/a><\/p>\n<p><strong><a href=\"https:\/\/golfclubpetersberg.it\/2016-star-tour-1.html\" target=\"_blank\" rel=\"noopener noreferrer\">ERGEBNISSE &#8211; FOTOS der ersten Etappe<\/a><\/strong><\/p>\n<p><strong><a href=\"https:\/\/golfclubpetersberg.it\/2016-star-tour-2nd.html\" target=\"_blank\" rel=\"noopener noreferrer\">ERGEBNISSE &#8211; FOTOS der zweiten Etappe<\/a><\/strong><\/p>\n<p><strong><a href=\"https:\/\/golfclubpetersberg.it\/de\/2016-star-tour-3.html\" target=\"_blank\" rel=\"noopener noreferrer\">ERGEBNISSE &#8211; FOTOS der dritten Etappe<\/a><\/strong><\/p>\n<p>_______________________________________________________________________________________<\/p>\n<h3>STAR TOUR 2015<\/h3>\n<p><a href=\"https:\/\/golfclubpetersberg.it\/images\/risultati-gare\/Gare-2015\/Star-Tour-2015-Internet.pdf\" class=\"mtli_attachment mtli_pdf\" target=\"_blank\" rel=\"noopener noreferrer\">PROGRAMM DER STAR TOUR &#8211; KLEINE DATE<\/a>I<\/p>\n<p><a href=\"https:\/\/golfclubpetersberg.it\/images\/risultati-gare\/Gare-2015\/Star-Tour-2015-Druck.pdf\" class=\"mtli_attachment mtli_pdf\" target=\"_blank\" rel=\"noopener noreferrer\">PROGRAMM DER STAR TOUR 2015 &#8211; Druckqualit\u00e4t<\/a><\/p>\n<p><a href=\"https:\/\/golfclubpetersberg.it\/images\/risultati-gare\/Gare-2015\/STAR-TOUR-2015-ERGEBNISSE-finale.pdf\" class=\"mtli_attachment mtli_pdf\" target=\"_blank\" rel=\"noopener noreferrer\">ENDWERTUNG &#8211; CLASSIFICA FINALE STAR TOUR 2015\u00a0<\/a><\/p>\n<p><a href=\"https:\/\/golfclubpetersberg.it\/de\/star-tour-1.html\" target=\"_blank\" rel=\"noopener noreferrer\">1. Etappe \u00a0&#8211; \u00a01^ tappa<\/a><\/p>\n<p><a href=\"https:\/\/golfclubpetersberg.it\/de\/2015-star-tour-2.html\" target=\"_blank\" rel=\"noopener noreferrer\">2. Etappe \u00a0&#8211; \u00a02^ tappa<\/a><\/p>\n<p><a href=\"https:\/\/golfclubpetersberg.it\/de\/star-tour-3-2015.html\" target=\"_blank\" rel=\"noopener noreferrer\">3. Etappe \u00a0&#8211; \u00a03^ tappa<\/a><\/p>\n<p><a href=\"https:\/\/golfclubpetersberg.it\/de\/2015-star-tour-finale-2.html\" target=\"_blank\" rel=\"noopener noreferrer\">4. Etappe \u00a0&#8211; \u00a04^ tappa<\/a><\/p>\n<p>_______________________________________________________________________________________<\/p>\n<h3>STAR TOUR 2014<\/h3>\n<p>ERGEBNISSE UND FOTOS \u00a0&#8211; \u00a0RISULTATI E FOTO \u00a0&#8211; \u00a0STAR 2014<\/p>\n<p><a href=\"https:\/\/golfclubpetersberg.it\/images\/risultati-gare\/Gare-2014\/Star-Tour-2014.pdf\" class=\"mtli_attachment mtli_pdf\" target=\"_blank\" rel=\"noopener noreferrer\">PROGRAMM DER STAR TOUR 2014<\/a><\/p>\n<p><a href=\"https:\/\/golfclubpetersberg.it\/images\/risultati-gare\/Gare-2014\/STAR-TOUR-2014-general.pdf\" class=\"mtli_attachment mtli_pdf\" target=\"_blank\" rel=\"noopener noreferrer\">GESAMTERGEBNISSE &#8211; RISULTATI GENERALI 2014<\/a><\/p>\n<p><a href=\"https:\/\/golfclubpetersberg.it\/2014-star-tour-1.html\" target=\"_blank\" rel=\"noopener noreferrer\">1. Etappe \u00a0&#8211; \u00a01^ tappa<\/a><\/p>\n<p><a href=\"https:\/\/golfclubpetersberg.it\/2014-star-tour-2.html\" target=\"_blank\" rel=\"noopener noreferrer\">2. Etappe \u00a0&#8211; \u00a02^ tappa<\/a><\/p>\n<p><a href=\"https:\/\/golfclubpetersberg.it\/2014-star-tour-louisiana.html\" target=\"_blank\" rel=\"noopener noreferrer\">3. Etappe \u00a0&#8211; \u00a03^ tappa<\/a><\/p>\n<p><a href=\"https:\/\/golfclubpetersberg.it\/2014-star-tour-finale.html\" target=\"_blank\" rel=\"noopener noreferrer\">4. Etappe \u00a0&#8211; \u00a04^ tappa<\/a><\/p>\n<p>_______________________________________________________________________________________<\/p>\n<h3>STAR TOUR 2013<\/h3>\n<p>ERGEBNISSE UND FOTOS &#8211; RISULTATI E FOTO \u00a0&#8211; \u00a0STAR TOUR \u00a02013<\/p>\n<p><a href=\"https:\/\/golfclubpetersberg.it\/images\/risultati-gare\/GARE-2013\/STAR-TOUR-2013-ERGEBNISSE.pdf\" class=\"mtli_attachment mtli_pdf\" target=\"_blank\" rel=\"noopener noreferrer\">GE<\/a><a href=\"https:\/\/golfclubpetersberg.it\/images\/risultati-gare\/GARE-2013\/STAR-TOUR-2013-ERGEBNISSE.pdf\" class=\"mtli_attachment mtli_pdf\" target=\"_blank\" rel=\"noopener noreferrer\">SAMTERGEBNS &#8211; RISULTATO GENERALE 2013<\/a><\/p>\n<p><a href=\"https:\/\/golfclubpetersberg.it\/2013-star-tour-1.html\" target=\"_blank\" rel=\"noopener noreferrer\">1. Etappe &#8211; 1^ tappa<\/a><\/p>\n<p><a href=\"https:\/\/golfclubpetersberg.it\/2013-star-tour-2.html\" target=\"_blank\" rel=\"noopener noreferrer\">2. Etappe &#8211; 2^ tappa<\/a><\/p>\n<p><a href=\"https:\/\/golfclubpetersberg.it\/2013-star-tour-golf-club-petersberg.html\" target=\"_blank\" rel=\"noopener noreferrer\">3. Etappe &#8211; 3^ tappa<\/a><\/p>\n<p><a href=\"https:\/\/golfclubpetersberg.it\/2013-star-tour-finale.html\" target=\"_blank\" rel=\"noopener noreferrer\">4. Etappe &#8211; 4^ tappa<\/a><\/p>\n<p>_______________________________________________________________________________________<\/p>\n[\/vc_column_text][\/vc_column_inner][vc_column_inner column_padding=&#8221;no-extra-padding&#8221; column_padding_tablet=&#8221;inherit&#8221; column_padding_phone=&#8221;inherit&#8221; column_padding_position=&#8221;all&#8221; column_element_direction_desktop=&#8221;default&#8221; column_element_spacing=&#8221;default&#8221; desktop_text_alignment=&#8221;default&#8221; tablet_text_alignment=&#8221;default&#8221; phone_text_alignment=&#8221;default&#8221; background_color_opacity=&#8221;1&#8243; background_hover_color_opacity=&#8221;1&#8243; column_backdrop_filter=&#8221;none&#8221; column_shadow=&#8221;none&#8221; column_border_radius=&#8221;none&#8221; column_link_target=&#8221;_self&#8221; overflow=&#8221;visible&#8221; gradient_direction=&#8221;left_to_right&#8221; overlay_strength=&#8221;0.3&#8243; width=&#8221;1\/6&#8243; tablet_width_inherit=&#8221;default&#8221; animation_type=&#8221;default&#8221; bg_image_animation=&#8221;none&#8221; border_type=&#8221;simple&#8221; column_border_width=&#8221;none&#8221; column_border_style=&#8221;solid&#8221;][\/vc_column_inner][\/vc_row_inner][vc_custom_heading text=&#8221;Star Tour&#8221; font_container=&#8221;tag:h1|text_align:center|color:%236e8956&#8243; google_fonts=&#8221;font_family:Roboto%20Condensed%3A300%2C300italic%2Cregular%2Citalic%2C700%2C700italic|font_style:700%20bold%20regular%3A700%3Anormal&#8221;][divider line_type=&#8221;No Line&#8221; custom_height=&#8221;100&#8243;][\/vc_column][\/vc_row]\n","protected":false},"excerpt":{"rendered":"<p>[vc_row type=&#8221;full_width_content&#8221; full_screen_row_position=&#8221;middle&#8221; column_margin=&#8221;default&#8221; column_direction=&#8221;default&#8221; column_direction_tablet=&#8221;default&#8221; column_direction_phone=&#8221;default&#8221; bg_color=&#8221;#ffffff&#8221; scene_position=&#8221;center&#8221; top_padding=&#8221;7%&#8221; bottom_padding=&#8221;7%&#8221; text_color=&#8221;dark&#8221; text_align=&#8221;left&#8221; row_border_radius=&#8221;none&#8221; row_border_radius_applies=&#8221;bg&#8221;&#8230;<\/p>\n","protected":false},"author":1,"featured_media":0,"parent":0,"menu_order":0,"comment_status":"closed","ping_status":"closed","template":"","meta":{"footnotes":""},"class_list":["post-6050","page","type-page","status-publish"],"_links":{"self":[{"href":"https:\/\/golfclubpetersberg.it\/en\/wp-json\/wp\/v2\/pages\/6050","targetHints":{"allow":["GET"]}}],"collection":[{"href":"https:\/\/golfclubpetersberg.it\/en\/wp-json\/wp\/v2\/pages"}],"about":[{"href":"https:\/\/golfclubpetersberg.it\/en\/wp-json\/wp\/v2\/types\/page"}],"author":[{"embeddable":true,"href":"https:\/\/golfclubpetersberg.it\/en\/wp-json\/wp\/v2\/users\/1"}],"replies":[{"embeddable":true,"href":"https:\/\/golfclubpetersberg.it\/en\/wp-json\/wp\/v2\/comments?post=6050"}],"version-history":[{"count":0,"href":"https:\/\/golfclubpetersberg.it\/en\/wp-json\/wp\/v2\/pages\/6050\/revisions"}],"wp:attachment":[{"href":"https:\/\/golfclubpetersberg.it\/en\/wp-json\/wp\/v2\/media?parent=6050"}],"curies":[{"name":"wp","href":"https:\/\/api.w.org\/{rel}","templated":true}]}}