{"id":20503,"date":"2017-07-05T11:03:34","date_gmt":"2017-07-05T09:03:34","guid":{"rendered":"https:\/\/golfclubpetersberg.it\/?page_id=20503"},"modified":"2024-02-22T10:10:46","modified_gmt":"2024-02-22T09:10:46","slug":"regole-del-golf-e-regole-locali","status":"publish","type":"page","link":"https:\/\/golfclubpetersberg.it\/it\/regole-del-golf-e-regole-locali\/","title":{"rendered":"Regole del golf e regole locali"},"content":{"rendered":"[vc_row type=&#8221;in_container&#8221; full_screen_row_position=&#8221;middle&#8221; column_margin=&#8221;default&#8221; column_direction=&#8221;default&#8221; column_direction_tablet=&#8221;default&#8221; column_direction_phone=&#8221;default&#8221; scene_position=&#8221;center&#8221; text_color=&#8221;dark&#8221; text_align=&#8221;left&#8221; row_border_radius=&#8221;none&#8221; row_border_radius_applies=&#8221;bg&#8221; overflow=&#8221;visible&#8221; overlay_strength=&#8221;0.3&#8243; gradient_direction=&#8221;left_to_right&#8221; shape_divider_position=&#8221;bottom&#8221; bg_image_animation=&#8221;none&#8221;][vc_column column_padding=&#8221;no-extra-padding&#8221; column_padding_tablet=&#8221;inherit&#8221; column_padding_phone=&#8221;inherit&#8221; column_padding_position=&#8221;all&#8221; column_element_direction_desktop=&#8221;default&#8221; column_element_spacing=&#8221;default&#8221; desktop_text_alignment=&#8221;default&#8221; tablet_text_alignment=&#8221;default&#8221; phone_text_alignment=&#8221;default&#8221; background_color_opacity=&#8221;1&#8243; background_hover_color_opacity=&#8221;1&#8243; column_backdrop_filter=&#8221;none&#8221; column_shadow=&#8221;none&#8221; column_border_radius=&#8221;none&#8221; column_link_target=&#8221;_self&#8221; column_position=&#8221;default&#8221; gradient_direction=&#8221;left_to_right&#8221; overlay_strength=&#8221;0.3&#8243; width=&#8221;1\/6&#8243; tablet_width_inherit=&#8221;default&#8221; animation_type=&#8221;default&#8221; bg_image_animation=&#8221;none&#8221; border_type=&#8221;simple&#8221; column_border_width=&#8221;none&#8221; column_border_style=&#8221;solid&#8221;][\/vc_column][vc_column column_padding=&#8221;no-extra-padding&#8221; column_padding_tablet=&#8221;inherit&#8221; column_padding_phone=&#8221;inherit&#8221; column_padding_position=&#8221;all&#8221; column_element_direction_desktop=&#8221;default&#8221; column_element_spacing=&#8221;default&#8221; desktop_text_alignment=&#8221;default&#8221; tablet_text_alignment=&#8221;default&#8221; phone_text_alignment=&#8221;default&#8221; background_color_opacity=&#8221;1&#8243; background_hover_color_opacity=&#8221;1&#8243; column_backdrop_filter=&#8221;none&#8221; column_shadow=&#8221;none&#8221; column_border_radius=&#8221;none&#8221; column_link_target=&#8221;_self&#8221; column_position=&#8221;default&#8221; gradient_direction=&#8221;left_to_right&#8221; overlay_strength=&#8221;0.3&#8243; width=&#8221;2\/3&#8243; tablet_width_inherit=&#8221;default&#8221; animation_type=&#8221;default&#8221; bg_image_animation=&#8221;none&#8221; border_type=&#8221;simple&#8221; column_border_width=&#8221;none&#8221; column_border_style=&#8221;solid&#8221;][divider line_type=&#8221;No Line&#8221;][vc_custom_heading text=&#8221;Regole del golf e regole locali&#8221; font_container=&#8221;tag:h1|text_align:center&#8221; google_fonts=&#8221;font_family:Roboto%20Condensed%3A300%2C300italic%2Cregular%2Citalic%2C700%2C700italic|font_style:700%20bold%20regular%3A700%3Anormal&#8221;][divider line_type=&#8221;No Line&#8221;][vc_column_text text_direction=&#8221;default&#8221;]\n<h3>Regole locali Golf Club Petersberg<\/h3>\n<p><a href=\"https:\/\/golfclubpetersberg.it\/wp-content\/uploads\/2024\/02\/P-REGELN-ITA-04-2024.pdf\" class=\"mtli_attachment mtli_pdf\" target=\"_blank\" rel=\"noopener\">REGOLE-LOCALI-ITA-04-2024<\/a><\/p>\n<p>&nbsp;<\/p>\n<h3><strong>Il 1\u00b0 gennaio 2023 entra in vigore la revisione delle Regole del Golf, prima modifica generale dopo il grande cambiamento attivo dal gennaio 2019<\/strong><\/h3>\n<p>In vigore dal 1\u00b0 gennaio 2023 una versione aggiornata delle Regole del Golf; non una revisione massiccia come quella del 2019, ma alcune regole cambiano nella forma e nella sostanza. Vediamo quelle pi\u00f9 importanti:<\/p>\n<p><strong>Regola 3.3b(4) Il giocatore non \u00e8 responsabile di indicare l\u2019handicap sullo score o della somma dei punteggi<\/strong><br \/>\nIl sistema di HCP attuane non sempre consente al giocatore di avere una chiara idea dell\u2019handicap che deve giocare e quindi le regole del golf si sono dovute adeguare a tutto ci\u00f2; per questo, il giocatore non sar\u00e0 pi\u00f9 ritenuto responsabile in caso sul suo scorecard vi fosse un handicap sbagliato. Sar\u00e0 bens\u00ec considerato un errore amministrativo e quindi a \u201ccarico\u201d del comitato.<\/p>\n<p><strong>Regola 6.3b(3) Sostituzione di un\u2019altra palla durante il gioco della buca<\/strong><br \/>\nLa penalit\u00e0 per aver giocato una palla sostituita incorrettamente \u00e8 stata ridotta dalla penalit\u00e0 generale a un colpo di penalit\u00e0.<\/p>\n<p><strong>Regola 9.3 Palla mossa da forze naturali<\/strong><br \/>\n\u00c8 introdotta una nuova eccezione (la 2) che richieder\u00e0 al giocatore la cui palla, dopo essere stata piazzata o droppata, dovesse muoversi da un\u2019area del campo e fermarsi in una diversa (per esempio da un fairway \u2013 che \u00e8 area generale \u2013 in un\u2019area di penalit\u00e0), di ripiazzare detta palla senza penalit\u00e0.<\/p>\n<p><strong>Regola 21.1c Le penalit\u00e0 in Stableford<\/strong><br \/>\nLa Regola \u00e8 stata modificata per prevedere che le penalit\u00e0 in relazione ai bastoni, all\u2019orario di partenza e al ritardo irragionevole vengano ora applicate alla buca allo stesso modo della normale stroke play \u201cmedal\u201d.<\/p>\n<p><strong>Regola 25 Modifiche per i giocatori con disabilit\u00e0<\/strong><br \/>\nL\u2019introduzione della nuova Regola 25 sta a significare che le modifiche previste nella Regola si applicano a tutte le gare, comprese tutte le forme di gioco. Ci\u00f2 vuol dire che non sar\u00e0 pi\u00f9 necessario introdurre le modifiche per giocatori disabili attraverso una regola locale, ma baster\u00e0 applicare la nuova regola 25.<\/p>\n<p>A partire dal 17 gennaio 2023 ci sar\u00e0 la possibilit\u00e0 di scaricare gratuitamente dall\u2019APP del R&amp;A la versione in lingua italiana delle Regole del Golf.[\/vc_column_text][\/vc_column][vc_column column_padding=&#8221;no-extra-padding&#8221; column_padding_tablet=&#8221;inherit&#8221; column_padding_phone=&#8221;inherit&#8221; column_padding_position=&#8221;all&#8221; column_element_direction_desktop=&#8221;default&#8221; column_element_spacing=&#8221;default&#8221; desktop_text_alignment=&#8221;default&#8221; tablet_text_alignment=&#8221;default&#8221; phone_text_alignment=&#8221;default&#8221; background_color_opacity=&#8221;1&#8243; background_hover_color_opacity=&#8221;1&#8243; column_backdrop_filter=&#8221;none&#8221; column_shadow=&#8221;none&#8221; column_border_radius=&#8221;none&#8221; column_link_target=&#8221;_self&#8221; column_position=&#8221;default&#8221; gradient_direction=&#8221;left_to_right&#8221; overlay_strength=&#8221;0.3&#8243; width=&#8221;1\/6&#8243; tablet_width_inherit=&#8221;default&#8221; animation_type=&#8221;default&#8221; bg_image_animation=&#8221;none&#8221; border_type=&#8221;simple&#8221; column_border_width=&#8221;none&#8221; column_border_style=&#8221;solid&#8221;][\/vc_column][\/vc_row]\n","protected":false},"excerpt":{"rendered":"<p>[vc_row type=&#8221;in_container&#8221; full_screen_row_position=&#8221;middle&#8221; column_margin=&#8221;default&#8221; column_direction=&#8221;default&#8221; column_direction_tablet=&#8221;default&#8221; column_direction_phone=&#8221;default&#8221; scene_position=&#8221;center&#8221; text_color=&#8221;dark&#8221; text_align=&#8221;left&#8221; row_border_radius=&#8221;none&#8221; row_border_radius_applies=&#8221;bg&#8221; overflow=&#8221;visible&#8221; overlay_strength=&#8221;0.3&#8243; gradient_direction=&#8221;left_to_right&#8221;&#8230;<\/p>\n","protected":false},"author":4,"featured_media":0,"parent":0,"menu_order":0,"comment_status":"closed","ping_status":"closed","template":"","meta":{"footnotes":""},"class_list":["post-20503","page","type-page","status-publish"],"_links":{"self":[{"href":"https:\/\/golfclubpetersberg.it\/it\/wp-json\/wp\/v2\/pages\/20503","targetHints":{"allow":["GET"]}}],"collection":[{"href":"https:\/\/golfclubpetersberg.it\/it\/wp-json\/wp\/v2\/pages"}],"about":[{"href":"https:\/\/golfclubpetersberg.it\/it\/wp-json\/wp\/v2\/types\/page"}],"author":[{"embeddable":true,"href":"https:\/\/golfclubpetersberg.it\/it\/wp-json\/wp\/v2\/users\/4"}],"replies":[{"embeddable":true,"href":"https:\/\/golfclubpetersberg.it\/it\/wp-json\/wp\/v2\/comments?post=20503"}],"version-history":[{"count":0,"href":"https:\/\/golfclubpetersberg.it\/it\/wp-json\/wp\/v2\/pages\/20503\/revisions"}],"wp:attachment":[{"href":"https:\/\/golfclubpetersberg.it\/it\/wp-json\/wp\/v2\/media?parent=20503"}],"curies":[{"name":"wp","href":"https:\/\/api.w.org\/{rel}","templated":true}]}}