{"id":3166,"date":"2017-07-05T11:17:19","date_gmt":"2017-07-05T09:17:19","guid":{"rendered":"https:\/\/www.golfclubpetersberg.it\/der-verein"},"modified":"2026-02-03T16:48:19","modified_gmt":"2026-02-03T15:48:19","slug":"lassociazione","status":"publish","type":"page","link":"https:\/\/golfclubpetersberg.it\/it\/lassociazione\/","title":{"rendered":"Diventare Socio"},"content":{"rendered":"[vc_row type=&#8221;full_width_content&#8221; full_screen_row_position=&#8221;middle&#8221; column_margin=&#8221;default&#8221; column_direction=&#8221;default&#8221; column_direction_tablet=&#8221;default&#8221; column_direction_phone=&#8221;default&#8221; bg_color=&#8221;#ffffff&#8221; scene_position=&#8221;center&#8221; top_padding=&#8221;7%&#8221; bottom_padding=&#8221;7%&#8221; text_color=&#8221;dark&#8221; text_align=&#8221;left&#8221; row_border_radius=&#8221;none&#8221; row_border_radius_applies=&#8221;bg&#8221; row_position_desktop=&#8221;default&#8221; row_position_tablet=&#8221;inherit&#8221; row_position_phone=&#8221;inherit&#8221; overflow=&#8221;visible&#8221; overlay_strength=&#8221;0.3&#8243; gradient_direction=&#8221;left_to_right&#8221; shape_divider_position=&#8221;bottom&#8221; bg_image_animation=&#8221;none&#8221;][vc_column column_padding=&#8221;no-extra-padding&#8221; column_padding_tablet=&#8221;inherit&#8221; column_padding_phone=&#8221;inherit&#8221; column_padding_position=&#8221;all&#8221; flex_gap_desktop=&#8221;10px&#8221; column_element_direction_desktop=&#8221;default&#8221; column_element_spacing=&#8221;default&#8221; desktop_text_alignment=&#8221;default&#8221; tablet_text_alignment=&#8221;default&#8221; phone_text_alignment=&#8221;default&#8221; background_color_opacity=&#8221;1&#8243; background_hover_color_opacity=&#8221;1&#8243; column_backdrop_filter=&#8221;none&#8221; column_shadow=&#8221;none&#8221; column_border_radius=&#8221;none&#8221; column_link_target=&#8221;_self&#8221; column_position=&#8221;default&#8221; gradient_direction=&#8221;left_to_right&#8221; overlay_strength=&#8221;0.3&#8243; width=&#8221;1\/6&#8243; tablet_width_inherit=&#8221;default&#8221; animation_type=&#8221;default&#8221; bg_image_animation=&#8221;none&#8221; border_type=&#8221;simple&#8221; column_border_width=&#8221;none&#8221; column_border_style=&#8221;solid&#8221; offset=&#8221;vc_hidden-sm vc_hidden-xs&#8221;][\/vc_column][vc_column column_padding=&#8221;padding-2-percent&#8221; column_padding_tablet=&#8221;inherit&#8221; column_padding_phone=&#8221;inherit&#8221; column_padding_position=&#8221;all&#8221; flex_gap_desktop=&#8221;10px&#8221; column_element_direction_desktop=&#8221;default&#8221; column_element_spacing=&#8221;default&#8221; desktop_text_alignment=&#8221;default&#8221; tablet_text_alignment=&#8221;default&#8221; phone_text_alignment=&#8221;default&#8221; background_color_opacity=&#8221;1&#8243; background_hover_color_opacity=&#8221;1&#8243; column_backdrop_filter=&#8221;none&#8221; column_shadow=&#8221;none&#8221; column_border_radius=&#8221;none&#8221; column_link_target=&#8221;_self&#8221; column_position=&#8221;default&#8221; gradient_direction=&#8221;left_to_right&#8221; overlay_strength=&#8221;0.3&#8243; width=&#8221;2\/3&#8243; tablet_width_inherit=&#8221;default&#8221; animation_type=&#8221;default&#8221; bg_image_animation=&#8221;none&#8221; border_type=&#8221;simple&#8221; column_border_width=&#8221;none&#8221; column_border_style=&#8221;solid&#8221;][vc_custom_heading text=&#8221;diventare socio&#8221; font_container=&#8221;tag:h1|text_align:center|color:%236e8956&#8243; google_fonts=&#8221;font_family:Roboto%20Condensed%3A300%2C300italic%2Cregular%2Citalic%2C700%2C700italic|font_style:700%20bold%20regular%3A700%3Anormal&#8221;][divider line_type=&#8221;No Line&#8221; custom_height=&#8221;100&#8243;][vc_column_text css=&#8221;&#8221; text_direction=&#8221;default&#8221;]\n<div class=\"pos-description\">\n<div class=\"element element-textarea first\">\n<h3>I vantaggi di essere Soci del Golf Club Petersberg<\/h3>\n<ul>\n<li>Golf <strong>illimitato<\/strong> sul campo da golf a 18 buche<\/li>\n<li>Possibilit\u00e0 di allenamento gratuito sulle strutture pratica (campo pratica, putting green, pitching green)<\/li>\n<li>Spogliatoi con asciugamani freschi ogni giorno disponibili gratuitamente<\/li>\n<li><strong>Prezzi speciali presso il Pro Shop<\/strong> su mazze da golf, scarpe e abbigliamento<\/li>\n<li><strong>20 % di sconto<\/strong> sul green fee su tutti i campi da golf in Alto Adige<\/li>\n<li><strong>30 % di sconto<\/strong> sul green fee al Golf Club Dolomiti &#8211; tutto l&#8217;anno<\/li>\n<li>Prezzo speciale per <strong>abbonamenti invernali<\/strong> sul Lago di Garda e Veneto (Arzaga, Ca &#8216;Degli Ulivi, Verona, \u2026)<\/li>\n<li>Carrello manuale a noleggio gratuito<\/li>\n<li>16 % di <strong>sconto sul noleggio del golf cart<\/strong> &#8211; con l&#8217;acquisto di una carta da 10: 32%<\/li>\n<li>25 % di <strong>sconto sul noleggio dei carrelli elettrici<\/strong><\/li>\n<li><strong>Pacchetti esclusivi<\/strong> per lezioni individuali con il nostro golf pro Ben Mannix<\/li>\n<\/ul>\n<p>&nbsp;<\/p>\n<p><strong>Ci fa sempre piacere avere dei soci nuovi al Golf Club Petersberg. <\/strong>Dal 2015 abbiamo diverse forme di associarsi con diversi tipi di abbonamento e quindi siamo in grado di offrire a tutti gli interessati un pacchetto interessante per le rispettive esigenze.<\/p>\n<p>Chi \u00e8 interessato a vedere il Campo da Golf \u00e8 sempre benvenuto, si pu\u00f2 venire senza prenotazione. Basta presentarsi in segreteria, ci fa sempre piacere presentare la nostra struttura.<br \/>\nIl nostro Bar ed il nostro Ristorante con una bellissima terrazza sono locali pubblici ed aperti a tutti. Gli orari di apertura sono:<\/p>\n<p>Bar: \u00a0Tutti i giorni dalle ore 8.00 alle ore 21.00 (senza giorno di riposo)<br \/>\nRistorante: \u00a0 \u00a0Luned\u00ec e Marted\u00cc: \u00a012.00 alle 15.00<br \/>\nMercoled\u00ec &#8211; Domenica: \u00a012.00 alle 19.00 con orario continuato anche nel pomeriggio<\/p>\n<p><strong>I requisiti per l\u00b4iscrizione al Golf Club Petersberg sono i seguenti:<\/strong><\/p>\n<ol>\n<li>Presentazione domanda di ammissione al Club<\/li>\n<li>Pagamento della relativa quota sociale<\/li>\n<li>Registrazione nel libro dei soci<\/li>\n<\/ol>\n<p>Noi consigliamo sempre a tutte le persone interessate ad avvicinarsi a questo fantastico sport di iniziare con qualche lezione dal maestro per poi poter praticare anche da soli sulle strutture di pratica. In un secondo momento si possono valutare le varie forme di associazione e scegliere quella pi\u00f9 adatta alle proprie esigenze.<br \/>\nNon \u00e8 assolutamente necessario essere soci del club per prendere lezioni di dal maestro, prenotarsi per dei corsi o per praticare sulle strutture di pratica (in questo caso per le strutture di pratica \u00e8 prevista una quota d&#8217;ingresso giornaliera di 10.00 Euro).<\/p>\n<p>Per qualsiasi domanda o informazione siamo sempre a disposizione.<\/p>\n<p><strong>Sicurezza &#8211; i doveri &#8211; i rischi:<\/strong><\/p>\n<p>Fin dall\u00b4inizio l\u00b4associazione Golf Club Petersberg vanta un bilancio attivo senza debiti. Gli accordi stabiliti con la societ\u00e1 Weisshorn SPA, proprietaria del campo da golf, garantiscono l\u00b4esclusione di qualsiasi rischio di dover rispondere di eventuali perdite o spese straordinarie. Tutto il rischio finanziario di costruzione e di gestione \u00e8 della Weisshorn SPA.<br \/>\nIl Golf Club Petersberg \u00e8 responsabile per la gestione sportiva del Campo e del Club ed \u00e8 tenuto a versare le quote annuali solamente per i soci iscritti e non per una somma prestabilita.<\/p>\n<p align=\"justify\"><strong>Gare:<\/strong><br \/>\nNei Week-End spesso ci sono delle gare (normalmente o sabato o domenica). Giocatori che non vogliono partecipare alle gare, hanno la possibilit\u00e0 di giocare anche in giornate di gara partendo prima o dopo i giocatori iscritti in gara o partendo dalla buca 10. La segreteria e le varie commissioni sono incaricate di organizzare le gare in modo tale da permettere anche ai soci che non vogliono partecipare alle gare di giocare in campo.<\/p>\n<p align=\"justify\">\n<\/div>\n<\/div>\n[\/vc_column_text][\/vc_column][vc_column column_padding=&#8221;no-extra-padding&#8221; column_padding_tablet=&#8221;inherit&#8221; column_padding_phone=&#8221;inherit&#8221; column_padding_position=&#8221;all&#8221; flex_gap_desktop=&#8221;10px&#8221; column_element_direction_desktop=&#8221;default&#8221; column_element_spacing=&#8221;default&#8221; desktop_text_alignment=&#8221;default&#8221; tablet_text_alignment=&#8221;default&#8221; phone_text_alignment=&#8221;default&#8221; background_color_opacity=&#8221;1&#8243; background_hover_color_opacity=&#8221;1&#8243; column_backdrop_filter=&#8221;none&#8221; column_shadow=&#8221;none&#8221; column_border_radius=&#8221;none&#8221; column_link_target=&#8221;_self&#8221; column_position=&#8221;default&#8221; gradient_direction=&#8221;left_to_right&#8221; overlay_strength=&#8221;0.3&#8243; width=&#8221;1\/6&#8243; tablet_width_inherit=&#8221;default&#8221; animation_type=&#8221;default&#8221; bg_image_animation=&#8221;none&#8221; border_type=&#8221;simple&#8221; column_border_width=&#8221;none&#8221; column_border_style=&#8221;solid&#8221; offset=&#8221;vc_hidden-sm vc_hidden-xs&#8221;][\/vc_column][\/vc_row]\n","protected":false},"excerpt":{"rendered":"<p>[vc_row type=&#8221;full_width_content&#8221; full_screen_row_position=&#8221;middle&#8221; column_margin=&#8221;default&#8221; column_direction=&#8221;default&#8221; column_direction_tablet=&#8221;default&#8221; column_direction_phone=&#8221;default&#8221; bg_color=&#8221;#ffffff&#8221; scene_position=&#8221;center&#8221; top_padding=&#8221;7%&#8221; bottom_padding=&#8221;7%&#8221; text_color=&#8221;dark&#8221; text_align=&#8221;left&#8221; row_border_radius=&#8221;none&#8221; row_border_radius_applies=&#8221;bg&#8221;&#8230;<\/p>\n","protected":false},"author":1,"featured_media":0,"parent":0,"menu_order":0,"comment_status":"closed","ping_status":"closed","template":"","meta":{"footnotes":""},"class_list":["post-3166","page","type-page","status-publish"],"_links":{"self":[{"href":"https:\/\/golfclubpetersberg.it\/it\/wp-json\/wp\/v2\/pages\/3166","targetHints":{"allow":["GET"]}}],"collection":[{"href":"https:\/\/golfclubpetersberg.it\/it\/wp-json\/wp\/v2\/pages"}],"about":[{"href":"https:\/\/golfclubpetersberg.it\/it\/wp-json\/wp\/v2\/types\/page"}],"author":[{"embeddable":true,"href":"https:\/\/golfclubpetersberg.it\/it\/wp-json\/wp\/v2\/users\/1"}],"replies":[{"embeddable":true,"href":"https:\/\/golfclubpetersberg.it\/it\/wp-json\/wp\/v2\/comments?post=3166"}],"version-history":[{"count":3,"href":"https:\/\/golfclubpetersberg.it\/it\/wp-json\/wp\/v2\/pages\/3166\/revisions"}],"predecessor-version":[{"id":27265,"href":"https:\/\/golfclubpetersberg.it\/it\/wp-json\/wp\/v2\/pages\/3166\/revisions\/27265"}],"wp:attachment":[{"href":"https:\/\/golfclubpetersberg.it\/it\/wp-json\/wp\/v2\/media?parent=3166"}],"curies":[{"name":"wp","href":"https:\/\/api.w.org\/{rel}","templated":true}]}}