{"id":3177,"date":"2017-07-04T16:46:54","date_gmt":"2017-07-04T14:46:54","guid":{"rendered":"https:\/\/www.golfclubpetersberg.it\/geschichte"},"modified":"2024-03-16T12:24:13","modified_gmt":"2024-03-16T11:24:13","slug":"storia","status":"publish","type":"page","link":"https:\/\/golfclubpetersberg.it\/it\/storia\/","title":{"rendered":"La nostra storia"},"content":{"rendered":"[vc_row type=&#8221;full_width_content&#8221; full_screen_row_position=&#8221;middle&#8221; column_margin=&#8221;default&#8221; column_direction=&#8221;default&#8221; column_direction_tablet=&#8221;default&#8221; column_direction_phone=&#8221;default&#8221; bg_color=&#8221;#ffffff&#8221; scene_position=&#8221;center&#8221; top_padding=&#8221;7%&#8221; bottom_padding=&#8221;7%&#8221; text_color=&#8221;dark&#8221; text_align=&#8221;left&#8221; row_border_radius=&#8221;none&#8221; row_border_radius_applies=&#8221;bg&#8221; overflow=&#8221;visible&#8221; overlay_strength=&#8221;0.3&#8243; gradient_direction=&#8221;left_to_right&#8221; shape_divider_position=&#8221;bottom&#8221; bg_image_animation=&#8221;none&#8221;][vc_column column_padding=&#8221;no-extra-padding&#8221; column_padding_tablet=&#8221;inherit&#8221; column_padding_phone=&#8221;inherit&#8221; column_padding_position=&#8221;all&#8221; column_element_direction_desktop=&#8221;default&#8221; column_element_spacing=&#8221;default&#8221; desktop_text_alignment=&#8221;default&#8221; tablet_text_alignment=&#8221;default&#8221; phone_text_alignment=&#8221;default&#8221; background_color_opacity=&#8221;1&#8243; background_hover_color_opacity=&#8221;1&#8243; column_backdrop_filter=&#8221;none&#8221; column_shadow=&#8221;none&#8221; column_border_radius=&#8221;none&#8221; column_link_target=&#8221;_self&#8221; column_position=&#8221;default&#8221; gradient_direction=&#8221;left_to_right&#8221; overlay_strength=&#8221;0.3&#8243; width=&#8221;1\/6&#8243; tablet_width_inherit=&#8221;default&#8221; animation_type=&#8221;default&#8221; bg_image_animation=&#8221;none&#8221; border_type=&#8221;simple&#8221; column_border_width=&#8221;none&#8221; column_border_style=&#8221;solid&#8221; offset=&#8221;vc_hidden-sm vc_hidden-xs&#8221;][\/vc_column][vc_column column_padding=&#8221;padding-2-percent&#8221; column_padding_tablet=&#8221;inherit&#8221; column_padding_phone=&#8221;inherit&#8221; column_padding_position=&#8221;all&#8221; column_element_direction_desktop=&#8221;default&#8221; column_element_spacing=&#8221;default&#8221; desktop_text_alignment=&#8221;default&#8221; tablet_text_alignment=&#8221;default&#8221; phone_text_alignment=&#8221;default&#8221; background_color_opacity=&#8221;1&#8243; background_hover_color_opacity=&#8221;1&#8243; column_backdrop_filter=&#8221;none&#8221; column_shadow=&#8221;none&#8221; column_border_radius=&#8221;none&#8221; column_link_target=&#8221;_self&#8221; column_position=&#8221;default&#8221; gradient_direction=&#8221;left_to_right&#8221; overlay_strength=&#8221;0.3&#8243; width=&#8221;2\/3&#8243; tablet_width_inherit=&#8221;default&#8221; animation_type=&#8221;default&#8221; bg_image_animation=&#8221;none&#8221; border_type=&#8221;simple&#8221; column_border_width=&#8221;none&#8221; column_border_style=&#8221;solid&#8221;][vc_custom_heading text=&#8221;Storia&#8221; font_container=&#8221;tag:h1|text_align:center|color:%236e8956&#8243; google_fonts=&#8221;font_family:Roboto%20Condensed%3A300%2C300italic%2Cregular%2Citalic%2C700%2C700italic|font_style:700%20bold%20regular%3A700%3Anormal&#8221;][divider line_type=&#8221;No Line&#8221; custom_height=&#8221;100&#8243;][vc_column_text]Sono ormai passati pi\u00f9 di 30 anni, da quando, a Monte San Pietro, venne inaugurato il primo ed unico campo da <strong>golf Altoatesino<\/strong>. Si trattava di un campo a 9 buche che ha fatto da apripista nella nostra regione. I 8 campi e diversi campi pratica che si sono succeduti nel corso degli anni lo testimoniano. Tuttavia il <strong>Golf Club Petersberg<\/strong> \u00e8 e rimarr\u00e0 sempre al primo posto: \u00e8 qui infatti che si sono formati i pionieri del <strong>golf in Alto Adige<\/strong>! Di seguito le tappe pi\u00f9 significative della sua bellissima storia:[\/vc_column_text][toggles style=&#8221;minimal&#8221;][toggle color=&#8221;Accent-Color&#8221; heading_tag=&#8221;default&#8221; heading_tag_functionality=&#8221;default&#8221; title=&#8221;1986 &#8211; 1988&#8243;][vc_column_text]La fam. Thaler affida la realizzazione del campo da gioco all&#8217;arch. Marco Croze, mentre la progettazione della sede viene curata dall&#8217;amico e arch. Walter Pichler. I lavori cominciano nel 1988 e gi\u00e0 nell&#8217;autunno dello stesso anno la maggior parte di essi si pu\u00f2 considerare concluso. A settembre saranno completati 9 green, il putting-green e alcune parti del fairway.[\/vc_column_text][\/toggle][toggle color=&#8221;Accent-Color&#8221; heading_tag=&#8221;default&#8221; heading_tag_functionality=&#8221;default&#8221; title=&#8221;1988&#8243;][vc_column_text]Un gruppo di 15 persone assieme al notaio Gianguido Isotto \u2013 che pi\u00f9 avanti diventer\u00e0 socio a sua volta \u2013 fondano il Golf Club Petersberg. L&#8217;unico socio, a poter contare gi\u00e0 allora, su una pluriennale esperienza, era Rudi Rimbl. E fu grazie a lui che venne raggiunto un accordo tra la Weisshorn SpA ed il Golf Club. L&#8217;accordo sanc\u00ec infatti una proficua collaborazione che caratterizz\u00f2 positivamente gli ultimi 20 anni. A dicembre dello stesso anno, il Club conta gi\u00e0 44 membri.<\/p>\n<p>I soci fondatori sono:<\/p>\n<p>Joachim Dalsass<br \/>\nJuliska Pfaffstaller<br \/>\nHartmann Gallmetzer<br \/>\nHelmuth Pfaffstaller<br \/>\nWerner Gramm<br \/>\nHanno Mayr<br \/>\nArtur Thaler<br \/>\nRichard Clementi<br \/>\nRudi Rimbl<br \/>\nChristian Solderer<br \/>\nErich Thaler<br \/>\nHans-Peter Thaler<br \/>\nAnnemarie Thaler<br \/>\nG\u00fcnther Thaler<br \/>\nWalter Pichler[\/vc_column_text][\/toggle][toggle color=&#8221;Accent-Color&#8221; heading_tag=&#8221;default&#8221; heading_tag_functionality=&#8221;default&#8221; title=&#8221;1989&#8243;][vc_column_text]Maggio 1989: Inaugurazione del driving range. Il primo maestro fu Chris Mawdsley, il quale rimase al Golf Club per ben 7 anni.<\/p>\n<p>Agosto 1989: Inaugurazione della sede del Club nonch\u00e9 dell&#8217;intero percorso a 9 buche. Il Club conta ben 100 soci, ed il 13 agosto viene inoltre organizzato il primo torneo a Monte San Pietro. Appena un anno dopo si raggiunge quota 150 soci, allora il numero massimo previsto. Sempre nel 1989 viene inoltre giocata la prima stagione completa.[\/vc_column_text][\/toggle][toggle color=&#8221;Accent-Color&#8221; heading_tag=&#8221;default&#8221; heading_tag_functionality=&#8221;default&#8221; title=&#8221;1990&#8243;][vc_column_text]Luglio 1990: Il presidente Joachim Dalsass si ritira. Lo sostituisce Hartmann Gallmetzer.<\/p>\n<p>Nonostante l&#8217;avvio pi\u00f9 che positivo della struttura, la fam. Thaler decide di ampliare la struttura gi\u00e0 durante i mesi estivi e di trasformare il Club in un percorso a 18 buche. Tuttavia, dato che molte delle 9 buche aggiuntive sono posizionate nel bosco, le autorizzazioni necessarie tardano un po&#8217; ad arrivare.<\/p>\n<p>E nonostante non si volesse pi\u00f9 ammettere nuovi soci, sempre in questo anno, la soglia massima venne portata a 200.[\/vc_column_text][\/toggle][toggle color=&#8221;Accent-Color&#8221; heading_tag=&#8221;default&#8221; heading_tag_functionality=&#8221;default&#8221; title=&#8221;1992&#8243;][vc_column_text]Iniziano i lavori per il nuovo percorso a 9 buche, il quale venne inaugurato ca. un anno pi\u00f9 tardi, il 6 agosto. Da allora l&#8217;Alto Adige ebbe il suo primo vero Golf Club![\/vc_column_text][\/toggle][toggle color=&#8221;Accent-Color&#8221; heading_tag=&#8221;default&#8221; heading_tag_functionality=&#8221;default&#8221; title=&#8221;1994&#8243;][vc_column_text]Questo anno rappresenta la prima vera e propria stagione piena per il GC. Un anno caratterizzato da molti tornei e alcune accese discussioni tra la commissione sportiva, i soci e la Weisshorn SpA. Si argomentava sul fatto del se considerare un torneo di golf una semplice gara sportiva, oppure un evento a carattere sociale. Le diverse discussioni hanno infine portato al ritiro della commissione sportiva nonch\u00e9 aperto alcuni dibattiti sul golf in quanto disciplina sportiva.[\/vc_column_text][\/toggle][toggle color=&#8221;Accent-Color&#8221; heading_tag=&#8221;default&#8221; heading_tag_functionality=&#8221;default&#8221; title=&#8221;1996&#8243;][vc_column_text]Il maestro Chris Mawdsley viene sostituito daMartin Turley.[\/vc_column_text][\/toggle][toggle color=&#8221;Accent-Color&#8221; heading_tag=&#8221;default&#8221; heading_tag_functionality=&#8221;default&#8221; title=&#8221;1997&#8243;][vc_column_text]Erwin Kiem viene eletto nuovo presidente ed il fulcro si concentra sul gioco del golf e su quest&#8217;ultimo in quanto disciplina sportiva. In questo anno il Club conta ca. 370 soci.[\/vc_column_text][\/toggle][toggle color=&#8221;Accent-Color&#8221; heading_tag=&#8221;default&#8221; heading_tag_functionality=&#8221;default&#8221; title=&#8221;2001&#8243;][vc_column_text]I lavori di miglioramento al club non sono ancora finiti. In questo anno infatti si inizia ad implementare il campo, passando da un par 67 ad un par 71. Nello stesso anno viene inoltre pubblicata la prima edizione del giornale del Club.[\/vc_column_text][\/toggle][toggle color=&#8221;Accent-Color&#8221; heading_tag=&#8221;default&#8221; heading_tag_functionality=&#8221;default&#8221; title=&#8221;2004&#8243;][vc_column_text]Il Consiglio viene rieletto e Dieter Schnabel viene confermato presidente.[\/vc_column_text][\/toggle][toggle color=&#8221;Accent-Color&#8221; heading_tag=&#8221;default&#8221; heading_tag_functionality=&#8221;default&#8221; title=&#8221;2008&#8243;][vc_column_text]Dopo diversi anni, Schnabel decide di non ricandidarsi. Al suo posto vengono eletti Hubert Christof in qualit\u00e0 di presidente ed Edith Isotti come sua vice.[\/vc_column_text][\/toggle][toggle color=&#8221;Accent-Color&#8221; heading_tag=&#8221;default&#8221; heading_tag_functionality=&#8221;default&#8221; title=&#8221;2015&#8243;][vc_column_text]Alle Elektroleitungen wurden verlegt und s\u00e4mtliche Stommasten abgetragen. Am gesamten Goflplatzgel\u00e4nde gibt es keine oberirdischen Leitungen mehr. Anthony Jackson unterrichtet nun mit einer hochmodernen FlightScope Anlage.[\/vc_column_text][\/toggle][toggle color=&#8221;Default&#8221; heading_tag=&#8221;default&#8221; heading_tag_functionality=&#8221;default&#8221; title=&#8221;2020&#8243;][vc_column_text]Hubert Christof termina la sua presidenza dopo 12 anni. Il suo successore \u00e8 <strong>Horst Steinhauser<\/strong>.[\/vc_column_text][\/toggle][\/toggles][vc_column_text text_direction=&#8221;default&#8221;]I seguenti professionisti di golf hanno insegnato al Golf Club Petersberg come maestri fissi:<\/p>\n<ul>\n<li>Chris Mawdsley<\/li>\n<li>Malcolm Harrison<\/li>\n<li>Allistair Halliday<\/li>\n<li>Martin Turley<\/li>\n<li>Mike Sullivan<\/li>\n<li>Anthony Jackson<\/li>\n<li>Ben Mannix<\/li>\n<\/ul>\n<p>in alta stagione sono stati affiancati dai seguenti maestri:<\/p>\n<ul>\n<li>Vincenzo Innocente<\/li>\n<li>Roberto Ranzo<\/li>\n<li>Mario Ugo Pasini<\/li>\n<li>Antonello Bovari<\/li>\n<li>Romolo Napoleoni<\/li>\n<li>Jeremy Twichett<\/li>\n<li>Sean Bailey<\/li>\n<li>Brian Cummings<\/li>\n<li>Phil Tolley<\/li>\n<li>Paul Platt<\/li>\n<li>Marc Cayeux<\/li>\n<\/ul>\n[\/vc_column_text][divider line_type=&#8221;No Line&#8221; custom_height=&#8221;40&#8243;][vc_gallery type=&#8221;nectarslider_style&#8221; images=&#8221;3181,24133,3184,3190,3193,3196,24139,3199,3187,24136&#8243; image_loading=&#8221;default&#8221; bullet_navigation_style=&#8221;see_through&#8221; onclick=&#8221;link_no&#8221;][\/vc_column][vc_column column_padding=&#8221;no-extra-padding&#8221; column_padding_tablet=&#8221;inherit&#8221; column_padding_phone=&#8221;inherit&#8221; column_padding_position=&#8221;all&#8221; column_element_direction_desktop=&#8221;default&#8221; column_element_spacing=&#8221;default&#8221; desktop_text_alignment=&#8221;default&#8221; tablet_text_alignment=&#8221;default&#8221; phone_text_alignment=&#8221;default&#8221; background_color_opacity=&#8221;1&#8243; background_hover_color_opacity=&#8221;1&#8243; column_backdrop_filter=&#8221;none&#8221; column_shadow=&#8221;none&#8221; column_border_radius=&#8221;none&#8221; column_link_target=&#8221;_self&#8221; column_position=&#8221;default&#8221; gradient_direction=&#8221;left_to_right&#8221; overlay_strength=&#8221;0.3&#8243; width=&#8221;1\/6&#8243; tablet_width_inherit=&#8221;default&#8221; animation_type=&#8221;default&#8221; bg_image_animation=&#8221;none&#8221; border_type=&#8221;simple&#8221; column_border_width=&#8221;none&#8221; column_border_style=&#8221;solid&#8221; offset=&#8221;vc_hidden-sm vc_hidden-xs&#8221;][\/vc_column][\/vc_row]\n","protected":false},"excerpt":{"rendered":"<p>[vc_row type=&#8221;full_width_content&#8221; full_screen_row_position=&#8221;middle&#8221; column_margin=&#8221;default&#8221; column_direction=&#8221;default&#8221; column_direction_tablet=&#8221;default&#8221; column_direction_phone=&#8221;default&#8221; bg_color=&#8221;#ffffff&#8221; scene_position=&#8221;center&#8221; top_padding=&#8221;7%&#8221; bottom_padding=&#8221;7%&#8221; text_color=&#8221;dark&#8221; text_align=&#8221;left&#8221; row_border_radius=&#8221;none&#8221; row_border_radius_applies=&#8221;bg&#8221;&#8230;<\/p>\n","protected":false},"author":1,"featured_media":0,"parent":0,"menu_order":0,"comment_status":"closed","ping_status":"closed","template":"","meta":{"footnotes":""},"class_list":["post-3177","page","type-page","status-publish"],"_links":{"self":[{"href":"https:\/\/golfclubpetersberg.it\/it\/wp-json\/wp\/v2\/pages\/3177","targetHints":{"allow":["GET"]}}],"collection":[{"href":"https:\/\/golfclubpetersberg.it\/it\/wp-json\/wp\/v2\/pages"}],"about":[{"href":"https:\/\/golfclubpetersberg.it\/it\/wp-json\/wp\/v2\/types\/page"}],"author":[{"embeddable":true,"href":"https:\/\/golfclubpetersberg.it\/it\/wp-json\/wp\/v2\/users\/1"}],"replies":[{"embeddable":true,"href":"https:\/\/golfclubpetersberg.it\/it\/wp-json\/wp\/v2\/comments?post=3177"}],"version-history":[{"count":0,"href":"https:\/\/golfclubpetersberg.it\/it\/wp-json\/wp\/v2\/pages\/3177\/revisions"}],"wp:attachment":[{"href":"https:\/\/golfclubpetersberg.it\/it\/wp-json\/wp\/v2\/media?parent=3177"}],"curies":[{"name":"wp","href":"https:\/\/api.w.org\/{rel}","templated":true}]}}