{"id":6051,"date":"2017-08-14T09:10:20","date_gmt":"2017-08-14T07:10:20","guid":{"rendered":"https:\/\/www.golfclubpetersberg.it\/?page_id=6051"},"modified":"2023-05-24T16:20:50","modified_gmt":"2023-05-24T14:20:50","slug":"star-tour","status":"publish","type":"page","link":"https:\/\/golfclubpetersberg.it\/it\/star-tour\/","title":{"rendered":"Star Tour"},"content":{"rendered":"[vc_row type=&#8221;full_width_content&#8221; full_screen_row_position=&#8221;middle&#8221; column_margin=&#8221;default&#8221; column_direction=&#8221;default&#8221; column_direction_tablet=&#8221;default&#8221; column_direction_phone=&#8221;default&#8221; bg_color=&#8221;#ffffff&#8221; scene_position=&#8221;center&#8221; top_padding=&#8221;7%&#8221; bottom_padding=&#8221;7%&#8221; text_color=&#8221;dark&#8221; text_align=&#8221;left&#8221; row_border_radius=&#8221;none&#8221; row_border_radius_applies=&#8221;bg&#8221; overflow=&#8221;visible&#8221; overlay_strength=&#8221;0.3&#8243; gradient_direction=&#8221;left_to_right&#8221; shape_divider_position=&#8221;bottom&#8221; bg_image_animation=&#8221;none&#8221;][vc_column column_padding=&#8221;no-extra-padding&#8221; column_padding_tablet=&#8221;inherit&#8221; column_padding_phone=&#8221;inherit&#8221; column_padding_position=&#8221;all&#8221; column_element_direction_desktop=&#8221;default&#8221; column_element_spacing=&#8221;default&#8221; desktop_text_alignment=&#8221;default&#8221; tablet_text_alignment=&#8221;default&#8221; phone_text_alignment=&#8221;default&#8221; background_color_opacity=&#8221;1&#8243; background_hover_color_opacity=&#8221;1&#8243; column_backdrop_filter=&#8221;none&#8221; column_shadow=&#8221;none&#8221; column_border_radius=&#8221;none&#8221; column_link_target=&#8221;_self&#8221; column_position=&#8221;default&#8221; gradient_direction=&#8221;left_to_right&#8221; overlay_strength=&#8221;0.3&#8243; width=&#8221;1\/6&#8243; tablet_width_inherit=&#8221;default&#8221; animation_type=&#8221;default&#8221; bg_image_animation=&#8221;none&#8221; border_type=&#8221;simple&#8221; column_border_width=&#8221;none&#8221; column_border_style=&#8221;solid&#8221; offset=&#8221;vc_hidden-sm vc_hidden-xs&#8221;][\/vc_column][vc_column column_padding=&#8221;padding-2-percent&#8221; column_padding_tablet=&#8221;inherit&#8221; column_padding_phone=&#8221;inherit&#8221; column_padding_position=&#8221;all&#8221; column_element_direction_desktop=&#8221;default&#8221; column_element_spacing=&#8221;default&#8221; desktop_text_alignment=&#8221;default&#8221; tablet_text_alignment=&#8221;default&#8221; phone_text_alignment=&#8221;default&#8221; background_color_opacity=&#8221;1&#8243; background_hover_color_opacity=&#8221;1&#8243; column_backdrop_filter=&#8221;none&#8221; column_shadow=&#8221;none&#8221; column_border_radius=&#8221;none&#8221; column_link_target=&#8221;_self&#8221; column_position=&#8221;default&#8221; gradient_direction=&#8221;left_to_right&#8221; overlay_strength=&#8221;0.3&#8243; width=&#8221;2\/3&#8243; tablet_width_inherit=&#8221;default&#8221; animation_type=&#8221;default&#8221; bg_image_animation=&#8221;none&#8221; border_type=&#8221;simple&#8221; column_border_width=&#8221;none&#8221; column_border_style=&#8221;solid&#8221;][vc_custom_heading text=&#8221;Star Tour&#8221; font_container=&#8221;tag:h1|text_align:center|color:%236e8956&#8243; google_fonts=&#8221;font_family:Roboto%20Condensed%3A300%2C300italic%2Cregular%2Citalic%2C700%2C700italic|font_style:700%20bold%20regular%3A700%3Anormal&#8221;][divider line_type=&#8221;No Line&#8221; custom_height=&#8221;100&#8243;][vc_column_text el_class=&#8221;piccole&#8221;]\n<h1>Star Tour 2019<\/h1>\n<p><strong>PARTNER DELLA 19a STAR TOUR<\/strong><\/p>\n<p><a href=\"https:\/\/www.lcc-mundus.com\/\" target=\"_blank\" rel=\"noopener noreferrer\"><img loading=\"lazy\" decoding=\"async\" src=\"https:\/\/golfclubpetersberg.it\/images\/risultati-gare\/Gare-2015\/Mundus.jpg\" alt=\"Mundus\" width=\"250\" height=\"150\" title=\"\"><\/a> \u00a0 \u00a0 \u00a0 \u00a0 \u00a0 \u00a0 \u00a0 \u00a0 \u00a0 \u00a0 \u00a0 \u00a0 \u00a0 \u00a0 \u00a0 \u00a0 \u00a0 \u00a0 \u00a0 <a href=\"https:\/\/www.winkler.bz.it\/\" target=\"_blank\" rel=\"noopener noreferrer\"><img loading=\"lazy\" decoding=\"async\" src=\"https:\/\/golfclubpetersberg.it\/images\/risultati-gare\/Gare-2015\/Logo-Winkler.jpg\" alt=\"Logo-Winkler\" width=\"250\" height=\"103\" title=\"\"><\/a><\/p>\n<p><a href=\"https:\/\/www.zelgeralbert.com\/\" target=\"_blank\" rel=\"noopener noreferrer\"><img loading=\"lazy\" decoding=\"async\" src=\"https:\/\/golfclubpetersberg.it\/images\/risultati-gare\/Gare-2016\/ZA-Logo%201.jpg\" alt=\"ZA-Logo 1\" width=\"310\" height=\"85\" title=\"\"><\/a> \u00a0 \u00a0 \u00a0 \u00a0 \u00a0 \u00a0 \u00a0 \u00a0 \u00a0 \u00a0 \u00a0 \u00a0 <a href=\"https:\/\/www.hotelcristal.com\/\" target=\"_blank\" rel=\"noopener noreferrer\"><img loading=\"lazy\" decoding=\"async\" src=\"https:\/\/golfclubpetersberg.it\/images\/risultati-gare\/Gare-2016\/CRISTAL_logo_4C.jpg\" alt=\"CRISTAL logo_4C\" width=\"250\" height=\"68\" title=\"\"><\/a><\/p>\n<p>&nbsp;<\/p>\n<p><a href=\"https:\/\/www.engelvoelkers.com\/de\/search\/?remember=true&amp;q=BOZEN&amp;businessArea=residential&amp;facets=bsnssr%3Aresidential%3Btyp%3Abuy\" target=\"_blank\" rel=\"noopener noreferrer\"><img loading=\"lazy\" decoding=\"async\" class=\"alignnone\" src=\"https:\/\/golfclubpetersberg.it\/images\/M_images\/Logos-Sponsoren\/Engel-Voelkers_Logo_JPG.jpg\" alt=\"Engel-Voelkers Logo_JPG\" width=\"250\" height=\"67\" title=\"\"><\/a> \u00a0 \u00a0 \u00a0 \u00a0 \u00a0 \u00a0 \u00a0 \u00a0 \u00a0 \u00a0 \u00a0 \u00a0 \u00a0 \u00a0 \u00a0 \u00a0 \u00a0 \u00a0 \u00a0 \u00a0 <a href=\"https:\/\/pichler.pro\/\" target=\"_blank\" rel=\"noopener noreferrer\"><img loading=\"lazy\" decoding=\"async\" class=\"alignnone wp-image-11532\" src=\"https:\/\/golfclubpetersberg.it\/wp-content\/uploads\/2019\/04\/Pichler-Logo-neu-2019-low-res.jpg\" alt=\"\" width=\"247\" height=\"84\" title=\"\" srcset=\"https:\/\/golfclubpetersberg.it\/wp-content\/uploads\/2019\/04\/Pichler-Logo-neu-2019-low-res.jpg 1910w, https:\/\/golfclubpetersberg.it\/wp-content\/uploads\/2019\/04\/Pichler-Logo-neu-2019-low-res-300x102.jpg 300w, https:\/\/golfclubpetersberg.it\/wp-content\/uploads\/2019\/04\/Pichler-Logo-neu-2019-low-res-768x261.jpg 768w, https:\/\/golfclubpetersberg.it\/wp-content\/uploads\/2019\/04\/Pichler-Logo-neu-2019-low-res-1024x347.jpg 1024w\" sizes=\"auto, (max-width: 247px) 100vw, 247px\" \/><\/a><\/p>\n<p>&nbsp;<\/p>\n<p>CLASSIFICA GENERALE PROVVISORIA CON LA SIMULAZIONE DI 30 LORDO E 40 NETTO NELL&#8217;ULTIMA GARA:<\/p>\n<p><a href=\"https:\/\/golfclubpetersberg.it\/wp-content\/uploads\/2019\/06\/STAR-TOUR-2019-ERGEBNISSE-GESAMT-3VON4-NETTO-2.pdf\" class=\"mtli_attachment mtli_pdf\">STAR-TOUR-2019-RISULTATI-GENERALI-3-4<\/a><\/p>\n<p>STAR TOUR \u00e8 una serie di 4 bellissime gare, ciascuna con un bellissimo programma soprattutto gastronomico ed una festa finale all&#8217;Hotel Cristal di Obereggen. Ogni gara avr\u00e0 una sua classifica e premiazione e al termine della gare \u00e8 prevista una bella cena per tutti i partecipanti. Nelle gare con partenza simultanea i premi verranno consegnati solo ai vincitori presenti alla premiazione. Anche alle estrazioni possono parteciparvi solo i giocatori personalmente presenti.<\/p>\n<p>Chi giocher\u00e0 almeno 3 gare della Star Tour partecipa automaticamente alla classifica generale &#8220;3 risultati di 4&#8221; della Star Tour. Inoltre sono previsti diversi premi speciali per i giocatori che hanno partecipato ad almeno 3 gare Star Tour, indipendentemente dal risultato conseguito.<br \/>\n(NR viene registrato come &#8220;non giocato&#8221;). Per la classifica generale i risultati dei doppi contano come risultati singoli per tutti e due i giocatori, verranno per\u00f2 ridotti a 3\/4 dei punti e\/o colpi.<\/p>\n<p>La premiazione della classifica generale e quella dell&#8217;ultima gara avranno luogo presso l&#8217;Hotel Cristal di Obereggen. Per questa festa finale gli spnsor organizzano una bellissima grigliata con musica e buffet di dolci. Sono invitati tutti i soci del Golf Club Petersberg, tutti i giocatori che hanno partecipato ad almeno una gara Star Tour e naturalmente tutti gli ospiti degli sponsor.<\/p>\n<p>&nbsp;<\/p>\n<p><strong>Le giornate di gara della Star Tour 2019<\/strong><\/p>\n<p><strong>Sabato, 11 maggio 2019<\/strong><\/p>\n<p>Gara individuale stableford con festa di inizio circuito e cena subito dopo la premiazione. Partenza simulteanea alle ore 11.00 ed estrazione di premi importanti subito dopo la premiazione.<\/p>\n<p>&nbsp;<\/p>\n<p><strong>Domenica, 19 maggio 2019<\/strong><\/p>\n<p>4-palle-la-migliore con partenza simultanea alle ore 11.00. Al rientro premiazione e pranzo in Clubhouse e\/o sulla terrazza. Estrazione di premi importanti subito dopo la premiazione.<\/p>\n<p>Durante la premiazione verr\u00e0 sorteggiato tra i partecipanti presenti alla premiazione un Weekend per due persone.<\/p>\n<p>&nbsp;<\/p>\n<p><strong>Domenica, 16 giugno 2019<\/strong><\/p>\n<p>Louisiana per squadre a due giocatori con giro gastronomico sul campo. Le squadre del Ristorante del Club e dell&#8217;Hotel Cristal prepareranno diverse specialit\u00e0 gastronomiche sulle buche del campo. Al termine del giro i giocatori avranno mangiato un menu a diverse portate giocando qualche buca di golf tra una portata e l&#8217;altra. La quota d&#8217;iscrizione a questa gara \u00e8 di 30,&#8211; Euro.<\/p>\n<p><strong>Domenica, 30 giugno 2019<\/strong><\/p>\n<p>Gara individuale stableford con partenza simultanea la la mattina e festa di fine circuito presso l&#8217;Hotel Cristal a Obereggen.<\/p>\n<p>La premiazione della giornata e quella della classifica generale avr\u00e0 luogo dopo la grigliata all&#8217;Hotel Cristal.<\/p>\n<p>Per i vincitori della classifica generale ci saranno di nuovo bellissimi Week-End con albergo e volo in diverse citt\u00e0 europee.<\/p>\n<p>L&#8217;iscrizione gara per le gare \u00e8 20 Euro, solamente alla gara gastronomica del 16 giugno \u00e8 di 30 Euro.<\/p>\n<p>&nbsp;<\/p>\n<h3><strong>Premi speciali<\/strong><\/h3>\n<p><a href=\"https:\/\/www.oberhammer-transporte.com\/\" target=\"_blank\" rel=\"noopener noreferrer\"><img loading=\"lazy\" decoding=\"async\" src=\"https:\/\/golfclubpetersberg.it\/images\/risultati-gare\/Gare-2016\/Oberhammer-logo.jpg\" alt=\"Oberhammer-logo\" width=\"200\" height=\"53\" title=\"\"><\/a>\u00a0 PREMIO &#8220;HEINZ FISCHNALLER&#8221; \u00a0signori e signore<\/p>\n<p>In ogni gara Star Tour verranno premiati i due vincitori del premio speciale &#8220;Heinz Fischnaller&#8221;, rispettivamente uno per signore ed uno per signori. I premiati saranno i giocatori che si trovano esattamente a met\u00e0 della classifica netta. Per esempio: se giocano 101 giocatori, il vincitore \u00e8 il 51\u00b0 (con 50 giocatori davanti e 50 giocatori dietro in classifica). Con 100 giocatori ci sono due giocatori a met\u00e0 classifica, il 50\u00b0 ed il 51\u00b0 con rispettivamente 49 giocatori davanti e 49 giocatori dietro in classifica. In questo caso il premio va al 50\u00b0 (il giocatore migliore dei due), se per\u00f2 i due sono una signora ed un signore, verranno premiati questi due. Altrimenti verr\u00e0 premiato il 50\u00b0 ed il secondo premio va al signore o alla signora (dipende se il 50\u00b0 \u00e8 una signora o un signore) che si trova immediatamente davanti nella classifica netta.<\/p>\n<p>&nbsp;<\/p>\n<p><a href=\"https:\/\/www.parth.bz.it\/\" target=\"_blank\" rel=\"noopener noreferrer\"><img loading=\"lazy\" decoding=\"async\" src=\"https:\/\/golfclubpetersberg.it\/images\/risultati-gare\/Gare-2016\/Logo-Parth.jpg\" alt=\"Logo-Parth\" width=\"120\" height=\"117\" title=\"\"><\/a>\u00a0 \u00a0 \u00a0HOLE &#8211; IN &#8211; ONE, \u00a0Nearest-to-the-pin:<\/p>\n<p>La famiglia Parth della gioielleria PARTH di Bolzano mette a disposizione un orologio LONGINES per il premio HOLE-IN-ONE.<br \/>\nSe in una delle gare Star Tour 2018 un giocatore o una giocatrice gioca un hole in one alla buca 17, avr\u00e0 come premio questo orologio. Se ci sono pi\u00f9 giocatori che hanno giocato un hole in one, l&#8217;orologio verr\u00e0 sorteggiato tra questi giocatori.<\/p>\n<p>Se non ci fosse un hole in one, l&#8217;orologio verr\u00e0 assegnato al giocatore \/ giocatrice con il miglior NEAREST-TO-THE-PIN, sempre alla buca 17.<br \/>\nIl vincitore dell&#8217;orologio deve essere personalmente presente alla premiazione del 1 luglio presso l&#8217;Hotel Cristal per ritirare il premio; altrimenti l&#8217;orologio verr\u00e0 estratto tra i giocaotri presenti alla premiazione che avranno partecipato ad almeno 3 tappe della Star Tour 2018 (NR viene conteggiato come &#8220;non giocato&#8221;).<\/p>\n<p>Star-Tour-Ticket<\/p>\n<p>Per i giocatori che non sono soci del Golf Club Petersberg ci sar\u00e0 la possibilit\u00e0 di acquistare un\u00a0Star-Tour-Ticket che permette la partecipazione completamente gratuita a tutte le 4 gare della Star Tour. Il costo di questo ticket \u00e8 di 260 Euro.<\/p>\n<hr \/>\n<h3>STAR TOUR 2019<\/h3>\n<p>Invito e programma Star Tour 2019 (bassa risoluzione)\u00a0 <a href=\"https:\/\/golfclubpetersberg.it\/wp-content\/uploads\/2019\/07\/Star-Tour-2019-web.pdf\" class=\"mtli_attachment mtli_pdf\">Star-Tour-2019-web<\/a><br \/>\nInvito e programma Star Tour 2019 (alta risoluzione)\u00a0 <a href=\"https:\/\/golfclubpetersberg.it\/wp-content\/uploads\/2019\/07\/Star-Tour-2019-druck.pdf\" class=\"mtli_attachment mtli_pdf\">Star-Tour-2019-stampa<\/a><\/p>\n<p><img decoding=\"async\" src=\"https:\/\/golfclubpetersberg.it\/%3Cobject%20width=\" height=\"340\" alt=\"\" title=\"\"><a href=\"https:\/\/golfclubpetersberg.it\/wp-content\/uploads\/2019\/07\/STAR-TOUR-2019-ERGEBNISSE-GESAMT-3VON4-NETTO.pdf\" class=\"mtli_attachment mtli_pdf\">STAR-TOUR-2019-risultati generali 3 su 4<\/a><\/p>\n<p><a href=\"\/?p=11673\">Risultati e foto prima<\/a><a href=\"\/?p=11673\">\u00a0tapp<\/a><a href=\"\/?p=11673\">a<\/a><\/p>\n<p><a href=\"\/?p=11635\">Risultati e foto seconda tappa<\/a><\/p>\n<p><a href=\"\/?p=12100\">Risultati e foto terza tappa<\/a><\/p>\n<p><a href=\"\/?p=12110\">Risultati e foto quarta tappa &#8211; finale<\/a><\/p>\n<hr \/>\n<p>Le ultime Star-Tour<\/p>\n<hr \/>\n<p>&nbsp;<\/p>\n<p>&nbsp;<\/p>\n<h3>STAR TOUR 2018<\/h3>\n<p>Invito e programma Star Tour 2018 (alta risoluzione)\u00a0<a class=\"mtli_attachment mtli_pdf mtli_attachment mtli_pdf\" href=\"https:\/\/golfclubpetersberg.it\/wp-content\/uploads\/2018\/04\/Startour-2018.pdf\">Startour-2018<\/a><br \/>\nInvito e programma Star Tour 2018 (bassa risoluzione)\u00a0\u00a0<a class=\"mtli_attachment mtli_pdf mtli_attachment mtli_pdf\" href=\"https:\/\/golfclubpetersberg.it\/wp-content\/uploads\/2018\/04\/Startour-2018-web.pdf\">Startour-2018-web<\/a><\/p>\n<p><a class=\"mtli_attachment mtli_pdf mtli_attachment mtli_pdf\" href=\"https:\/\/golfclubpetersberg.it\/wp-content\/uploads\/2018\/03\/STAR-TOUR-2018-ERGEBNISSE-GESAMT-3VON4-Endwertung.pdf\">STAR-TOUR-2018-RISULTATO-FINALE-3-RISULTATI-SU-4<\/a><\/p>\n<p><a href=\"\/?p=8380\">Risultati e foto prima tappa<\/a><\/p>\n<p><a href=\"\/?p=8363\">Risultati e foto seconda tappa<\/a><\/p>\n<p><a href=\"\/?p=8417\">Risultati e foto terza tappa<\/a><\/p>\n<p><a href=\"\/?p=8435\">Risultati e foto quarta tappa<\/a><\/p>\n<p>&nbsp;<\/p>\n<p>Invito e programma Star Tour (bassa risoluzione)\u00a0\u00a0<a href=\"https:\/\/golfclubpetersberg.it\/wp-content\/uploads\/2018\/04\/Startour-2018-web.pdf\" class=\"mtli_attachment mtli_pdf\">Startour-2018-web<\/a><br \/>\nInvito e programma Star Tour (alta risoluzione) <a href=\"https:\/\/golfclubpetersberg.it\/wp-content\/uploads\/2018\/04\/Startour-2018.pdf\" class=\"mtli_attachment mtli_pdf\">Startour-2018<\/a><\/p>\n<h3>STAR TOUR 2017<\/h3>\n<p><a href=\"https:\/\/golfclubpetersberg.it\/images\/risultati-gare\/Gare-2017\/Star-Tour-2017.pdf\" class=\"mtli_attachment mtli_pdf\" target=\"_blank\" rel=\"noopener noreferrer\"><strong>PDF &#8211; PROGRAMMA STAR TOUR 2017<\/strong><\/a><\/p>\n<p><a href=\"\/?p=2021\"><strong>RISULTATI &#8211; FOTOS prima tappa 2017<\/strong><\/a><\/p>\n<p><a href=\"\/?p=2039\">\u00a0RISULTATI &#8211; FOTO seconda tappa 2017<\/a><\/p>\n<p><a href=\"\/?p=2101\">RISULTATI &#8211; FOTO terza tappa 2017<\/a><\/p>\n<p><a href=\"https:\/\/golfclubpetersberg.it\/event\/star-tour-4\">FINALE &#8211; RISULTATI &#8211; FOTO<\/a><\/p>\n<h3>STAR TOUR 2016<\/h3>\n<p><a href=\"https:\/\/golfclubpetersberg.it\/images\/risultati-gare\/Gare-2016\/STAR-TOUR-2016-ERGEBNISSE.pdf\" class=\"mtli_attachment mtli_pdf\" target=\"_blank\" rel=\"noopener noreferrer\"><strong>\u00a0CLASSIFICA FINALE STAR TOUR 2016<br \/>\n<\/strong><\/a><\/p>\n<p><a href=\"https:\/\/golfclubpetersberg.it\/2016-star-tour-finale.html\" target=\"_blank\" rel=\"noopener noreferrer\">\u00a0FOTO &#8211; FINALE STAR TOUR 2016<\/a><\/p>\n<p>GESAMTSIEGER &#8211; VINCITORI CLASSIFICA GENERALE<\/p>\n<p>LORDO: \u00a0 \u00a0 \u00a0 \u00a0MARCO SELLE<\/p>\n<p>1\u00b0 NETTO: \u00a0 \u00a0MARKUS WENTER<\/p>\n<p>2\u00b0 NETTO: \u00a0 \u00a0HUBERT CHRISTOF<\/p>\n<p><a href=\"https:\/\/golfclubpetersberg.it\/images\/risultati-gare\/Gare-2016\/Star-Tour-2016-3-Druck.pdf\" class=\"mtli_attachment mtli_pdf\" target=\"_blank\" rel=\"noopener noreferrer\">\u00a0Programm der Star Tour 2016 \u00a0&#8211; \u00a0Programma della Star Tour 2016<\/a><\/p>\n<p>&nbsp;<\/p>\n<p><strong><a href=\"https:\/\/golfclubpetersberg.it\/2016-star-tour-1.html\" target=\"_blank\" rel=\"noopener noreferrer\">RISULTATI &#8211; FOTO della prima tappa<\/a><\/strong><\/p>\n<p><strong><a href=\"https:\/\/golfclubpetersberg.it\/2016-star-tour-2nd.html\" target=\"_blank\" rel=\"noopener noreferrer\">RISULTATI &#8211; FOTO della seconda tappa<\/a><\/strong><\/p>\n<p><strong><a href=\"https:\/\/golfclubpetersberg.it\/de\/2016-star-tour-3.html\" target=\"_blank\" rel=\"noopener noreferrer\">RISULTATI &#8211; FOTO della terza tappa<\/a><\/strong><\/p>\n<h3>STAR TOUR 2015<\/h3>\n<p>ERGEBNISSE UND FOTOS \u00a0&#8211; \u00a0RISULTATI E FOTO \u00a0&#8211; \u00a0STAR TOUR 2015<\/p>\n<p><a href=\"https:\/\/golfclubpetersberg.it\/images\/risultati-gare\/Gare-2015\/Star-Tour-2015-Internet.pdf\" class=\"mtli_attachment mtli_pdf\" target=\"_blank\" rel=\"noopener noreferrer\">PROGRAMMA DELLA STAR TOUR 2015<\/a><\/p>\n<p><a href=\"https:\/\/golfclubpetersberg.it\/images\/risultati-gare\/Gare-2015\/Star-Tour-2015-Druck.pdf\" class=\"mtli_attachment mtli_pdf\" target=\"_blank\" rel=\"noopener noreferrer\">PROGRAMMA DELLA STAR TOUR &#8211; RISOLUZIONE PER STAMPA<\/a><\/p>\n<p><a href=\"https:\/\/golfclubpetersberg.it\/images\/risultati-gare\/Gare-2015\/STAR-TOUR-2015-ERGEBNISSE-finale.pdf\" class=\"mtli_attachment mtli_pdf\" target=\"_blank\" rel=\"noopener noreferrer\">ENDWERTUNG &#8211; CLASSIFICA FINALE STAR TOUR 2015\u00a0<\/a><\/p>\n<p><a href=\"https:\/\/golfclubpetersberg.it\/de\/star-tour-1.html\" target=\"_blank\" rel=\"noopener noreferrer\">1. Etappe \u00a0&#8211; \u00a01^ tappa<\/a><\/p>\n<p><a href=\"https:\/\/golfclubpetersberg.it\/de\/2015-star-tour-2.html\" target=\"_blank\" rel=\"noopener noreferrer\">2. Etappe \u00a0&#8211; \u00a02^ tappa<\/a><\/p>\n<p><a href=\"https:\/\/golfclubpetersberg.it\/de\/star-tour-3-2015.html\" target=\"_blank\" rel=\"noopener noreferrer\">3. Etappe \u00a0&#8211; \u00a03^ tappa<\/a><\/p>\n<p><a href=\"https:\/\/golfclubpetersberg.it\/de\/2015-star-tour-finale-2.html\" target=\"_blank\" rel=\"noopener noreferrer\">4. Etappe \u00a0&#8211; \u00a04^ tappa<\/a><\/p>\n<h3>STAR TOUR 2014<\/h3>\n<p>ERGEBNISSE UND FOTOS \u00a0&#8211; \u00a0RISULTATI E FOTO \u00a0&#8211; \u00a0STAR TOUR 2014<\/p>\n<p><a href=\"https:\/\/golfclubpetersberg.it\/images\/risultati-gare\/Gare-2014\/Star-Tour-2014.pdf\" class=\"mtli_attachment mtli_pdf\" target=\"_blank\" rel=\"noopener noreferrer\">PROGRAMM DER STAR TOUR 2014 &#8211; PROGRAMMA DELLA STAR TOUR 2014<\/a><\/p>\n<p><a href=\"https:\/\/golfclubpetersberg.it\/images\/risultati-gare\/Gare-2014\/STAR-TOUR-2014-general.pdf\" class=\"mtli_attachment mtli_pdf\" target=\"_blank\" rel=\"noopener noreferrer\">GESAMTERGEBNISSE &#8211; RISULTATI GENERALI 2014<\/a><\/p>\n<p><a href=\"https:\/\/golfclubpetersberg.it\/2014-star-tour-1.html\" target=\"_blank\" rel=\"noopener noreferrer\">1. Etappe \u00a0&#8211; \u00a01^ tappa<\/a><\/p>\n<p><a href=\"https:\/\/golfclubpetersberg.it\/2014-star-tour-2.html\" target=\"_blank\" rel=\"noopener noreferrer\">2. Etappe \u00a0&#8211; \u00a02^ tappa<\/a><\/p>\n<p><a href=\"https:\/\/golfclubpetersberg.it\/2014-star-tour-louisiana.html\" target=\"_blank\" rel=\"noopener noreferrer\">3. Etappe \u00a0&#8211; \u00a03^ tappa<\/a><\/p>\n<p><a href=\"https:\/\/golfclubpetersberg.it\/2014-star-tour-finale.html\" target=\"_blank\" rel=\"noopener noreferrer\">4. Etappe \u00a0&#8211; \u00a04^ tappa<\/a><\/p>\n<h3>STAR TOUR 2013<\/h3>\n<p>ERGEBNISSE UND FOTOS &#8211; RISULTATI E FOTO &#8211; STAR TOUR 2013<\/p>\n<p><a href=\"https:\/\/golfclubpetersberg.it\/images\/risultati-gare\/GARE-2013\/Star-Tour-2013-WEB.pdf\" class=\"mtli_attachment mtli_pdf\" target=\"_blank\" rel=\"noopener noreferrer\">Invito e programma della Star Tour 2013<\/a><\/p>\n<p><a href=\"https:\/\/golfclubpetersberg.it\/2013-star-tour-1.html\" target=\"_blank\" rel=\"noopener noreferrer\">1. Etappe &#8211; 1^ tappa<\/a><\/p>\n<p><a href=\"https:\/\/golfclubpetersberg.it\/2013-star-tour-2.html\" target=\"_blank\" rel=\"noopener noreferrer\">2. Etappe &#8211; 2^ tappa<\/a><\/p>\n<p><a href=\"https:\/\/golfclubpetersberg.it\/2013-star-tour-golf-club-petersberg.html\" target=\"_blank\" rel=\"noopener noreferrer\">3. Etappe &#8211; 3^ tappa<\/a><\/p>\n<p><a href=\"https:\/\/golfclubpetersberg.it\/2013-star-tour-finale.html\" target=\"_blank\" rel=\"noopener noreferrer\">4. Etappe &#8211; 4^ tappa<\/a><\/p>\n<p>&#8211; &#8211; &#8211; &#8211; &#8211; &#8211; &#8211; &#8211; &#8211; &#8211; &#8211; &#8211; &#8211; &#8211; &#8211; &#8211; &#8211; &#8211; &#8211; &#8211; &#8211; &#8211; &#8211; &#8211; &#8211; &#8211; &#8211; &#8211; &#8211; &#8211; &#8211; &#8211; &#8211; &#8211; &#8211; &#8211; &#8211; &#8211; &#8211; &#8211; &#8211; &#8211; &#8211; &#8211; &#8211; &#8211; &#8211; &#8211; &#8211; &#8211; &#8211; &#8211; &#8211; &#8211; &#8211; &#8211; &#8211; &#8211;<\/p>\n[\/vc_column_text][\/vc_column][vc_column column_padding=&#8221;no-extra-padding&#8221; column_padding_tablet=&#8221;inherit&#8221; column_padding_phone=&#8221;inherit&#8221; column_padding_position=&#8221;all&#8221; column_element_direction_desktop=&#8221;default&#8221; column_element_spacing=&#8221;default&#8221; desktop_text_alignment=&#8221;default&#8221; tablet_text_alignment=&#8221;default&#8221; phone_text_alignment=&#8221;default&#8221; background_color_opacity=&#8221;1&#8243; background_hover_color_opacity=&#8221;1&#8243; column_backdrop_filter=&#8221;none&#8221; column_shadow=&#8221;none&#8221; column_border_radius=&#8221;none&#8221; column_link_target=&#8221;_self&#8221; column_position=&#8221;default&#8221; gradient_direction=&#8221;left_to_right&#8221; overlay_strength=&#8221;0.3&#8243; width=&#8221;1\/6&#8243; tablet_width_inherit=&#8221;default&#8221; animation_type=&#8221;default&#8221; bg_image_animation=&#8221;none&#8221; border_type=&#8221;simple&#8221; column_border_width=&#8221;none&#8221; column_border_style=&#8221;solid&#8221; offset=&#8221;vc_hidden-sm vc_hidden-xs&#8221;][\/vc_column][\/vc_row]\n","protected":false},"excerpt":{"rendered":"<p>[vc_row type=&#8221;full_width_content&#8221; full_screen_row_position=&#8221;middle&#8221; column_margin=&#8221;default&#8221; column_direction=&#8221;default&#8221; column_direction_tablet=&#8221;default&#8221; column_direction_phone=&#8221;default&#8221; bg_color=&#8221;#ffffff&#8221; scene_position=&#8221;center&#8221; top_padding=&#8221;7%&#8221; bottom_padding=&#8221;7%&#8221; text_color=&#8221;dark&#8221; text_align=&#8221;left&#8221; row_border_radius=&#8221;none&#8221; row_border_radius_applies=&#8221;bg&#8221;&#8230;<\/p>\n","protected":false},"author":1,"featured_media":0,"parent":0,"menu_order":0,"comment_status":"closed","ping_status":"closed","template":"","meta":{"footnotes":""},"class_list":["post-6051","page","type-page","status-publish"],"_links":{"self":[{"href":"https:\/\/golfclubpetersberg.it\/it\/wp-json\/wp\/v2\/pages\/6051","targetHints":{"allow":["GET"]}}],"collection":[{"href":"https:\/\/golfclubpetersberg.it\/it\/wp-json\/wp\/v2\/pages"}],"about":[{"href":"https:\/\/golfclubpetersberg.it\/it\/wp-json\/wp\/v2\/types\/page"}],"author":[{"embeddable":true,"href":"https:\/\/golfclubpetersberg.it\/it\/wp-json\/wp\/v2\/users\/1"}],"replies":[{"embeddable":true,"href":"https:\/\/golfclubpetersberg.it\/it\/wp-json\/wp\/v2\/comments?post=6051"}],"version-history":[{"count":0,"href":"https:\/\/golfclubpetersberg.it\/it\/wp-json\/wp\/v2\/pages\/6051\/revisions"}],"wp:attachment":[{"href":"https:\/\/golfclubpetersberg.it\/it\/wp-json\/wp\/v2\/media?parent=6051"}],"curies":[{"name":"wp","href":"https:\/\/api.w.org\/{rel}","templated":true}]}}